{"id":5313,"date":"2024-10-17T11:39:48","date_gmt":"2024-10-17T09:39:48","guid":{"rendered":"https:\/\/www.5aldia.es\/es\/?page_id=5313"},"modified":"2025-09-01T13:02:15","modified_gmt":"2025-09-01T11:02:15","slug":"juego-sopa-de-letras","status":"publish","type":"page","link":"https:\/\/www.5aldia.es\/es\/actividades-5-al-dia\/juego-sopa-de-letras\/","title":{"rendered":"Juega a la sopa de letras"},"content":{"rendered":"\t\t<div data-elementor-type=\"wp-page\" data-elementor-id=\"5313\" class=\"elementor elementor-5313\">\n\t\t\t\t\t\t<div class=\"elementor-inner\">\n\t\t\t\t<div class=\"elementor-section-wrap\">\n\t\t\t\t\t\t\t\t\t<section class=\"elementor-section elementor-top-section elementor-element elementor-element-60c43dc elementor-section-boxed elementor-section-height-default elementor-section-height-default\" data-id=\"60c43dc\" data-element_type=\"section\">\n\t\t\t\t\t\t<div class=\"elementor-container elementor-column-gap-default\">\n\t\t\t\t\t\t\t<div class=\"elementor-row\">\n\t\t\t\t\t<div class=\"elementor-column elementor-col-100 elementor-top-column elementor-element elementor-element-65751e7\" data-id=\"65751e7\" data-element_type=\"column\">\n\t\t\t<div class=\"elementor-column-wrap elementor-element-populated\">\n\t\t\t\t\t\t\t<div class=\"elementor-widget-wrap\">\n\t\t\t\t\t\t<div class=\"elementor-element elementor-element-118d4a2 elementor-widget elementor-widget-text-editor\" data-id=\"118d4a2\" data-element_type=\"widget\" data-widget_type=\"text-editor.default\">\n\t\t\t\t<div class=\"elementor-widget-container\">\n\t\t\t\t\t\t\t\t<div class=\"elementor-text-editor elementor-clearfix\">\n\t\t\t\t<p style=\"text-align: center;\"><span style=\"color: #01836b; font-family: Beautiful Heartbeat, sans-serif;\"><span style=\"font-size: 45px; letter-spacing: 1.6px;\">LA SOPA DE LETRAS<\/span><\/span><\/p>\n<p style=\"text-align: center;\"><span style=\"font-size: 1rem;\">A ver si eres capaz de encontrar los 15 nombres de frutas o verduras escondidas en esta sopa.<\/span><\/p>\t\t\t\t\t<\/div>\n\t\t\t\t\t\t<\/div>\n\t\t\t\t<\/div>\n\t\t\t\t<div class=\"elementor-element elementor-element-fcdefee elementor-widget elementor-widget-shortcode\" data-id=\"fcdefee\" data-element_type=\"widget\" data-widget_type=\"shortcode.default\">\n\t\t\t\t<div class=\"elementor-widget-container\">\n\t\t\t\t\t<div class=\"elementor-shortcode\">\n\n        <div class=\"pm-embed-div\" data-id=\"a73f73f4\" data-set=\"92b05397646accc742aaa8a544d892bbb4923a520752942b3f184d9557e0c9eb\" data-puzzleType=\"wordsearch\" data-height=\"700px\" data-embedparams=\"embed=wp\"><\/div>\n\n        <\/div>\n\t\t\t\t<\/div>\n\t\t\t\t<\/div>\n\t\t\t\t<div class=\"elementor-element elementor-element-12384a8 elementor-widget elementor-widget-text-editor\" data-id=\"12384a8\" data-element_type=\"widget\" data-widget_type=\"text-editor.default\">\n\t\t\t\t<div class=\"elementor-widget-container\">\n\t\t\t\t\t\t\t\t<div class=\"elementor-text-editor elementor-clearfix\">\n\t\t\t\t<p><span style=\"color: #01836b; font-family: Beautiful Heartbeat, sans-serif;\"><span style=\"font-size: 35px; letter-spacing: 1.6px;\">PISTAS<\/span><\/span><\/p><ol><li style=\"text-align: left;\"><span class=\"font-mini\">Una fruta peque\u00f1a, redonda y de color naranja, con una piel suave y aterciopelada. Su interior tiene una pulpa jugosa y un hueso grande en el centro.\u00a0<span style=\"font-size: 0.6875rem;\">(11)<\/span><\/span><\/li><li style=\"text-align: left;\"><span class=\"font-mini\">Fruto seco peque\u00f1o, redondo y de c\u00e1scara dura. Su interior es comestible y suele usarse en postres o como snack.\u00a0<span style=\"font-size: 0.6875rem;\">(8)<\/span><\/span><\/li><li style=\"text-align: left;\"><span class=\"font-mini\">Verdura que tiene una cabeza blanca y compacta formada por flores peque\u00f1as. Suele cocinarse al vapor, asada o en pur\u00e9, y es rica en nutrientes.\u00a0<span style=\"font-size: 0.6875rem;\">(8)<\/span><\/span><\/li><li style=\"text-align: left;\"><span class=\"font-mini\">Verdura de hojas verdes y tiernas. Es famosa por ser muy nutritiva y rica en hierro, adem\u00e1s de ser un ingrediente com\u00fan en ensaladas o platos cocidos.\u00a0<span style=\"font-size: 0.6875rem;\">(8)<\/span><\/span><\/li><li style=\"text-align: left;\"><span class=\"font-mini\">Peque\u00f1a fruta roja con semillas en la superficie. Tiene un sabor dulce y jugoso, y es muy popular en postres y batidos. Adem\u00e1s, su forma es generalmente c\u00f3nica.\u00a0<span style=\"font-size: 0.6875rem;\">(5)<\/span><\/span><\/li><li style=\"text-align: left;\"><span class=\"font-mini\">Verdura de hojas verdes, frescas y crujientes, que se suele usar en ensaladas. Crece en forma de roseta y es muy ligera y refrescante.\u00a0<span style=\"font-size: 0.6875rem;\">(7)<\/span><\/span><\/li><li style=\"text-align: left;\"><span class=\"font-mini\">fruta muy com\u00fan, redonda y con una piel que puede ser roja, verde o amarilla. Su interior es crujiente y jugoso, y suele ser un s\u00edmbolo de salud.\u00a0<span style=\"font-size: 0.6875rem;\">(7)<\/span><\/span><\/li><li style=\"text-align: left;\"><span class=\"font-mini\">Fruta redonda, de piel aterciopelada y color amarillo o anaranjado, a veces con tonos rojizos. Su pulpa es jugosa y dulce, y tiene un hueso duro en el centro.\u00a0<span style=\"font-size: 0.6875rem;\">(9)<\/span><\/span><\/li><li style=\"text-align: left;\"><span class=\"font-mini\">Tub\u00e9rculo que crece bajo tierra. Tiene una piel fina y su interior es blanco o amarillo. Es muy vers\u00e1til en la cocina y se puede preparar de muchas formas.\u00a0<span style=\"font-size: 0.6875rem;\">(6)<\/span><\/span><\/li><li style=\"text-align: left;\"><span class=\"font-mini\">Hortaliza alargada y verde, con una piel lisa y crujiente. Se suele usar en ensaladas y s\u00e1ndwiches, y tiene un alto contenido de agua, lo que lo hace refrescante.\u00a0<span style=\"font-size: 0.6875rem;\">(6)<\/span><\/span><\/li><li style=\"text-align: left;\"><span class=\"font-mini\">Fruta con forma de botella, que puede ser de color verde, amarillo o marr\u00f3n. Su carne es jugosa y dulce, y a menudo se disfruta fresca o en postres.\u00a0<span style=\"font-size: 0.6875rem;\">(4)<\/span><\/span><\/li><li style=\"text-align: left;\"><span class=\"font-mini\">Hortaliza que puede ser de varios colores, como rojo, verde o amarillo. Su forma es generalmente alargada y tiene un sabor crujiente y agridulce. Se utiliza en ensaladas, guisos y como ingrediente en muchas recetas.\u00a0<span style=\"font-size: 0.6875rem;\">(8)<\/span><\/span><\/li><li style=\"text-align: left;\"><span class=\"font-mini\">Fruta alargada y de color amarillo cuando est\u00e1 madura. Tiene una piel que se pela f\u00e1cilmente, y su interior es suave y dulce.\u00a0<span style=\"font-size: 0.6875rem;\">(7)<\/span><\/span><\/li><li style=\"text-align: left;\"><span class=\"font-mini\">Fruta grande y refrescante, con una c\u00e1scara verde y pulpa roja o rosada llena de semillas. Es muy popular en el verano debido a su alto contenido de agua y su sabor dulce.\u00a0<span style=\"font-size: 0.6875rem;\">(6)<\/span><\/span><\/li><li style=\"text-align: left;\"><span class=\"font-mini\">Hortaliza alargada y de color naranja brillante, que crece bajo tierra. Su textura es crujiente y es famosa por ser buena para la vista.\u00a0<span style=\"font-size: 0.6875rem;\">(9)<\/span><\/span><\/li><\/ol>\t\t\t\t\t<\/div>\n\t\t\t\t\t\t<\/div>\n\t\t\t\t<\/div>\n\t\t\t\t<div class=\"elementor-element elementor-element-b940ab4 elementor-widget elementor-widget-spacer\" data-id=\"b940ab4\" data-element_type=\"widget\" data-widget_type=\"spacer.default\">\n\t\t\t\t<div class=\"elementor-widget-container\">\n\t\t\t\t\t<div class=\"elementor-spacer\">\n\t\t\t<div class=\"elementor-spacer-inner\"><\/div>\n\t\t<\/div>\n\t\t\t\t<\/div>\n\t\t\t\t<\/div>\n\t\t\t\t\t\t<\/div>\n\t\t\t\t\t<\/div>\n\t\t<\/div>\n\t\t\t\t\t\t\t\t<\/div>\n\t\t\t\t\t<\/div>\n\t\t<\/section>\n\t\t\t\t\t\t\t\t\t<\/div>\n\t\t\t<\/div>\n\t\t\t\t\t<\/div>\n\t\t","protected":false},"excerpt":{"rendered":"<p>LA SOPA DE LETRAS A ver si eres capaz de encontrar los 15 nombres de frutas o verduras escondidas en esta sopa. PISTAS Una fruta peque\u00f1a, redonda y de color naranja, con una piel suave y aterciopelada. Su interior tiene una pulpa jugosa y un hueso grande en el centro.\u00a0(11) Fruto seco peque\u00f1o, redondo y &hellip; <a href=\"https:\/\/www.5aldia.es\/es\/actividades-5-al-dia\/juego-sopa-de-letras\/\">Continuar<\/a><\/p>\n","protected":false},"author":1,"featured_media":0,"parent":3895,"menu_order":28,"comment_status":"closed","ping_status":"closed","template":"","meta":[],"acf":[],"_links":{"self":[{"href":"https:\/\/www.5aldia.es\/es\/wp-json\/wp\/v2\/pages\/5313"}],"collection":[{"href":"https:\/\/www.5aldia.es\/es\/wp-json\/wp\/v2\/pages"}],"about":[{"href":"https:\/\/www.5aldia.es\/es\/wp-json\/wp\/v2\/types\/page"}],"author":[{"embeddable":true,"href":"https:\/\/www.5aldia.es\/es\/wp-json\/wp\/v2\/users\/1"}],"replies":[{"embeddable":true,"href":"https:\/\/www.5aldia.es\/es\/wp-json\/wp\/v2\/comments?post=5313"}],"version-history":[{"count":17,"href":"https:\/\/www.5aldia.es\/es\/wp-json\/wp\/v2\/pages\/5313\/revisions"}],"predecessor-version":[{"id":5380,"href":"https:\/\/www.5aldia.es\/es\/wp-json\/wp\/v2\/pages\/5313\/revisions\/5380"}],"up":[{"embeddable":true,"href":"https:\/\/www.5aldia.es\/es\/wp-json\/wp\/v2\/pages\/3895"}],"wp:attachment":[{"href":"https:\/\/www.5aldia.es\/es\/wp-json\/wp\/v2\/media?parent=5313"}],"curies":[{"name":"wp","href":"https:\/\/api.w.org\/{rel}","templated":true}]}}