{"id":5228,"date":"2023-04-20T17:21:34","date_gmt":"2023-04-20T15:21:34","guid":{"rendered":"https:\/\/www.5aldia.es\/es\/?page_id=5228"},"modified":"2023-04-20T17:22:56","modified_gmt":"2023-04-20T15:22:56","slug":"elementor-5228","status":"publish","type":"page","link":"https:\/\/www.5aldia.es\/es\/elementor-5228\/","title":{"rendered":"Elementor #5228"},"content":{"rendered":"\t\t<div data-elementor-type=\"wp-page\" data-elementor-id=\"5228\" class=\"elementor elementor-5228\">\n\t\t\t\t\t\t<div class=\"elementor-inner\">\n\t\t\t\t<div class=\"elementor-section-wrap\">\n\t\t\t\t\t\t\t\t\t<section class=\"elementor-section elementor-top-section elementor-element elementor-element-cf417ed elementor-section-boxed elementor-section-height-default elementor-section-height-default\" data-id=\"cf417ed\" data-element_type=\"section\">\n\t\t\t\t\t\t<div class=\"elementor-container elementor-column-gap-default\">\n\t\t\t\t\t\t\t<div class=\"elementor-row\">\n\t\t\t\t\t<div class=\"elementor-column elementor-col-100 elementor-top-column elementor-element elementor-element-60236a8\" data-id=\"60236a8\" data-element_type=\"column\">\n\t\t\t<div class=\"elementor-column-wrap elementor-element-populated\">\n\t\t\t\t\t\t\t<div class=\"elementor-widget-wrap\">\n\t\t\t\t\t\t<div class=\"elementor-element elementor-element-247b8a1 elementor-widget elementor-widget-shortcode\" data-id=\"247b8a1\" data-element_type=\"widget\" data-widget_type=\"shortcode.default\">\n\t\t\t\t<div class=\"elementor-widget-container\">\n\t\t\t\t\t<div class=\"elementor-shortcode\"> <div id=\"form_id277524988416\" class=\"wpdevelop\"><div id=\"ajax_respond_insert1\" class=\"ajax_respond_insert\"><\/div><a name=\"bklnk1\" id=\"bklnk1\"><\/a><div id=\"booking_form_div1\" class=\"booking_form_div\"><div class=\"wpbc_booking_form_structure wpbc_vertical\">\n  <div class=\"wpbc_structure_calendar\">\n    <div class=\"wpbc_change_over_triangle\"><div class=\"bk_calendar_frame months_num_in_row_ cal_month_num_2 wpbc_timeslot_day_bg_as_available\" style=\"width:100%;max-width:568px\"><div id=\"calendar_booking1\">Cargando Calendario...<\/div><\/div><textarea id=\"date_booking1\" name=\"date_booking1\"><\/textarea><\/div>\n  <\/div>\n  <div class=\"wpbc_structure_form\">\n     <p>First Name*:<br \/><span class=\"wpdev-form-control-wrap name1\"><\/span><\/p>\n     <p>Last Name*:<br \/><span class=\"wpdev-form-control-wrap secondname1\"><\/span><\/p>\n     <p>Email*:<br \/><span class=\"wpdev-form-control-wrap email1\"><\/span><\/p>\n     <p>Phone:<br \/><span class=\"wpdev-form-control-wrap phone1\"><\/span><\/p>\n     <p>Details:<br \/><span class=\"wpdev-form-control-wrap details1\"><textarea name=\"details1\" cols=\"40\" rows=\"10\"><\/textarea><\/span><\/p>\n     <p><\/p>\n     <p><img class=\"ajax-loader\" style=\"vertical-align:middle;width:14px\" alt=\"ajax loader\" src=\"https:\/\/www.5aldia.es\/es\/wp-content\/plugins\/booking.bs.9.6\/assets\/img\/ajax-loader.gif\" \/><\/p>\n  <\/div>\n<\/div>\n<div class=\"wpbc_booking_form_footer\"><\/div><\/div><div id=\"submiting1\"><\/div><div class=\"form_bk_messages\" id=\"form_bk_messages1\"><\/div><\/div><div id=\"booking_form_garbage1\" class=\"booking_form_garbage\"><\/div>\n                                jQuery(document).ready( function(){\n                                    jQuery(\".widget_wpdev_booking .booking_form.form-horizontal\").removeClass(\"form-horizontal\");\n                                    var visible_booking_id_on_page_num = visible_booking_id_on_page.length;\n                                    if (visible_booking_id_on_page_num !== null ) {\n                                        for (var i=0;i&lt; visible_booking_id_on_page_num ;i++){\n                                          if ( visible_booking_id_on_page[i]==&quot;booking_form_div1&quot; ) {\n                                              document.getElementById(&quot;form_id277524988416&quot;).innerHTML = &quot;<span style='color:#A00;font-size:10px'>Advertencia! calendario de reserva para este recurso est\u00e1 adem\u00e1s en la p\u00e1gina, compruebe m\u00e1s acerca de este problema en esta p\u00e1gina: https:\/\/wpbookingcalendar.com\/faq\/why-the-booking-calendar-widget-not-show-on-page\/<\/span>\";                                                                                                  \n                                              jQuery(\"#form_id277524988416\").animate( {opacity: 1}, 10000 ).fadeOut(5000);\n                                              return;\n                                          }\n                                        }\n                                        visible_booking_id_on_page[ visible_booking_id_on_page_num ]=\"booking_form_div1\";\n                                    }\n                                });\n                               jQuery(document).ready( function(){  date_admin_blank[1] = [];  date2approve[1] = [];  var date_approved_par = [];  wpbc_resource_availability[ 1 ] = [''];   init_datepick_cal('1', date_approved_par, 2 , 0, false   );  }); <div id=\"gateway_payment_forms1\"><\/div><\/div>\n\t\t\t\t<\/div>\n\t\t\t\t<\/div>\n\t\t\t\t\t\t<\/div>\n\t\t\t\t\t<\/div>\n\t\t<\/div>\n\t\t\t\t\t\t\t\t<\/div>\n\t\t\t\t\t<\/div>\n\t\t<\/section>\n\t\t\t\t\t\t\t\t\t<\/div>\n\t\t\t<\/div>\n\t\t\t\t\t<\/div>\n\t\t","protected":false},"excerpt":{"rendered":"","protected":false},"author":1,"featured_media":0,"parent":0,"menu_order":4,"comment_status":"closed","ping_status":"closed","template":"","meta":[],"acf":[],"_links":{"self":[{"href":"https:\/\/www.5aldia.es\/es\/wp-json\/wp\/v2\/pages\/5228"}],"collection":[{"href":"https:\/\/www.5aldia.es\/es\/wp-json\/wp\/v2\/pages"}],"about":[{"href":"https:\/\/www.5aldia.es\/es\/wp-json\/wp\/v2\/types\/page"}],"author":[{"embeddable":true,"href":"https:\/\/www.5aldia.es\/es\/wp-json\/wp\/v2\/users\/1"}],"replies":[{"embeddable":true,"href":"https:\/\/www.5aldia.es\/es\/wp-json\/wp\/v2\/comments?post=5228"}],"version-history":[{"count":4,"href":"https:\/\/www.5aldia.es\/es\/wp-json\/wp\/v2\/pages\/5228\/revisions"}],"predecessor-version":[{"id":5232,"href":"https:\/\/www.5aldia.es\/es\/wp-json\/wp\/v2\/pages\/5228\/revisions\/5232"}],"wp:attachment":[{"href":"https:\/\/www.5aldia.es\/es\/wp-json\/wp\/v2\/media?parent=5228"}],"curies":[{"name":"wp","href":"https:\/\/api.w.org\/{rel}","templated":true}]}}