{"id":3975,"date":"2018-03-08T13:27:01","date_gmt":"2018-03-08T12:27:01","guid":{"rendered":"https:\/\/www.5aldia.es\/es\/?page_id=3975"},"modified":"2018-04-25T18:56:33","modified_gmt":"2018-04-25T16:56:33","slug":"politica-privacidad","status":"publish","type":"page","link":"https:\/\/www.5aldia.es\/es\/politica-privacidad\/","title":{"rendered":"Pol\u00edtica de privacidad"},"content":{"rendered":"\t\t<div data-elementor-type=\"wp-page\" data-elementor-id=\"3975\" class=\"elementor elementor-3975 elementor-bc-flex-widget\">\n\t\t\t\t\t\t<div class=\"elementor-inner\">\n\t\t\t\t<div class=\"elementor-section-wrap\">\n\t\t\t\t\t\t\t\t\t<section class=\"elementor-section elementor-top-section elementor-element elementor-element-77c4837c elementor-section-boxed elementor-section-height-default elementor-section-height-default\" data-id=\"77c4837c\" data-element_type=\"section\">\n\t\t\t\t\t\t<div class=\"elementor-container elementor-column-gap-default\">\n\t\t\t\t\t\t\t<div class=\"elementor-row\">\n\t\t\t\t\t<div class=\"elementor-column elementor-col-100 elementor-top-column elementor-element elementor-element-54ea3f31\" data-id=\"54ea3f31\" data-element_type=\"column\">\n\t\t\t<div class=\"elementor-column-wrap elementor-element-populated\">\n\t\t\t\t\t\t\t<div class=\"elementor-widget-wrap\">\n\t\t\t\t\t\t<div class=\"elementor-element elementor-element-1e9a4698 elementor-widget elementor-widget-text-editor\" data-id=\"1e9a4698\" data-element_type=\"widget\" data-widget_type=\"text-editor.default\">\n\t\t\t\t<div class=\"elementor-widget-container\">\n\t\t\t\t\t\t\t\t<div class=\"elementor-text-editor elementor-clearfix\">\n\t\t\t\t<p>Mercabarna y AGEM dar\u00e1n estricto cumplimiento a la normativa vigente en cada momento sobre protecci\u00f3n de datos de car\u00e1cter personal y adoptar\u00e1n las medidas legalmente exigibles para la protecci\u00f3n de los datos de car\u00e1cter personal del usuario, preservando su privacidad y confidencialidad. En virtud de lo que se establece en el art\u00edculo 5 de la Ley org\u00e0nica 15\/1999, de 13 de diciembre, de protecci\u00f3n de datos de car\u00e1cter personal (LOPD), Mercabarna y AGEM os informan que los datos de car\u00e1cter personal que nos proporcion\u00e9is mediante nuestra p\u00e1gina web, as\u00ed como los datos a los que cuales Mercabarna y AGEM accedan como resultado de vuestra navegaci\u00f3n, consulta, o solicitudes realizadas mediante la p\u00e1gina web de \u00ab5 al d\u00eda\u00bb ser\u00e1n recogidos en un fichero del cual es responsable Mercabarna y la AGEM.<\/p><p><span style=\"font-size: 1rem;\">El usuario de la web da su consentimiento expreso e inequ\u00edvoco y, por tanto, autoriza a Mercabarna y la AGEM a incorporar los datos que facilita por este medio a sus ficheros automatizados para su tratamiento y uso con el fin de gestionar el mantenimiento de la web, de acuerdo con lo establecido en la Ley Org\u00e1nica 15\/1999, de 13 de diciembre, de protecci\u00f3n de datos de car\u00e1cter personal (LOPD). El usuario de la web que facilita datos de car\u00e1cter personal a Mercabarna y la AGEM queda enterado de que puede ejercer ante la misma los derechos de acceso, rectificaci\u00f3n, cancelaci\u00f3n y oposici\u00f3n, de acuerdo con lo establecido en la LOPD, mediante la correspondiente solicitud, acompa\u00f1ada de la fotocopia de su DNI, ante el Registro de Mercabarna, C\/ Mayor de Mercabarna, n\u00fam. 76, Centro Directivo, 5\u00aa planta, 08040 Barcelona. De acuerdo con lo establecido en la LOPD, se informa a los usuarios de la web que los datos de navegaci\u00f3n del usuario no ser\u00e1n controlados por galletas (cookies). Mercabarna y AGEM adoptar\u00e1n las medidas y los mecanismos necesarios para garantizar la seguridad de las comunicaciones y las transacciones que se produzcan mediante la web, seg\u00fan el estado de la tecnolog\u00eda y de acuerdo con la tipolog\u00eda de las transacciones y los servicios que se ponen a disposici\u00f3n de los usuarios.<\/span><\/p><p>Mercabarna y AGEM no garantizan que la web y el servidor est\u00e9n libres de virus y no se hacen responsables de los posibles da\u00f1os o perjuicios que se puedan derivar de interferencias, omisiones, interrupciones, virus inform\u00e1ticos, aver\u00edas telef\u00f3nicas o desconexiones en el funcionamiento operativo de este sistema electr\u00f3nico, motivados por causas ajenas a Mercabarna y la AGEM, de retrasos o bloqueos en el uso de este sistema electr\u00f3nico causados por deficiencias o sobrecargas de l\u00edneas telef\u00f3nicas o sobrecargas en el sistema de Internet o en otros sistemas electr\u00f3nicos, as\u00ed como de da\u00f1os que puedan ser causados por terceras personas mediante intromisiones ileg\u00edtimas fuera del control de Mercabarna y la AGEM.<br \/> \u00ab5 al d\u00eda'\u00bb no es responsable de la informaci\u00f3n que se puede obtener a trav\u00e9s de enlaces o que provenga de fuentes ajenas a estas entidades.<br \/> Mercabarna y AGEM no garantizan la disponibilidad y continuidad del funcionamiento de la web y de sus servicios. Cuando sea razonablemente posible, se advertir\u00e1 previamente de las interrupciones en el funcionamiento de la web y de los servicios.<\/p><p>Mercabarna y la AGEM se reservan el derecho a modificar unilateralmente, en cualquier momento y sin aviso previo, la presentaci\u00f3n, configuraci\u00f3n y contenidos de la web, as\u00ed como tambi\u00e9n la oferta de servicios y las condiciones que se requieren para utilizarlo. El uso de este sitio web implica la aceptaci\u00f3n plena y sin reservas de los t\u00e9rminos y las condiciones que contiene contenidos en el presente aviso legal. Los posibles conflictos relativos a esta web se rigen exclusivamente por el derecho del Estado espa\u00f1ol y de la Comunidad Aut\u00f3noma de Catalu\u00f1a, y siendo los juzgados de Barcelona los \u00fanicos competentes. Toda persona usuaria del web, independientemente de la jurisdicci\u00f3n territorial desde la que se produzca su acceso, acepta el cumplimiento y respeto de esta cl\u00e1usula y renuncia expresamente a cualquier otro fuero que le pudiera corresponder.<\/p>\t\t\t\t\t<\/div>\n\t\t\t\t\t\t<\/div>\n\t\t\t\t<\/div>\n\t\t\t\t\t\t<\/div>\n\t\t\t\t\t<\/div>\n\t\t<\/div>\n\t\t\t\t\t\t\t\t<\/div>\n\t\t\t\t\t<\/div>\n\t\t<\/section>\n\t\t\t\t\t\t\t\t\t<\/div>\n\t\t\t<\/div>\n\t\t\t\t\t<\/div>\n\t\t","protected":false},"excerpt":{"rendered":"<p>Mercabarna y AGEM dar\u00e1n estricto cumplimiento a la normativa vigente en cada momento sobre protecci\u00f3n de datos de car\u00e1cter personal y adoptar\u00e1n las medidas legalmente exigibles para la protecci\u00f3n de los datos de car\u00e1cter personal del usuario, preservando su privacidad y confidencialidad. En virtud de lo que se establece en el art\u00edculo 5 de la &hellip; <a href=\"https:\/\/www.5aldia.es\/es\/politica-privacidad\/\">Continuar<\/a><\/p>\n","protected":false},"author":1,"featured_media":0,"parent":0,"menu_order":42,"comment_status":"closed","ping_status":"closed","template":"","meta":[],"acf":[],"_links":{"self":[{"href":"https:\/\/www.5aldia.es\/es\/wp-json\/wp\/v2\/pages\/3975"}],"collection":[{"href":"https:\/\/www.5aldia.es\/es\/wp-json\/wp\/v2\/pages"}],"about":[{"href":"https:\/\/www.5aldia.es\/es\/wp-json\/wp\/v2\/types\/page"}],"author":[{"embeddable":true,"href":"https:\/\/www.5aldia.es\/es\/wp-json\/wp\/v2\/users\/1"}],"replies":[{"embeddable":true,"href":"https:\/\/www.5aldia.es\/es\/wp-json\/wp\/v2\/comments?post=3975"}],"version-history":[{"count":4,"href":"https:\/\/www.5aldia.es\/es\/wp-json\/wp\/v2\/pages\/3975\/revisions"}],"predecessor-version":[{"id":4303,"href":"https:\/\/www.5aldia.es\/es\/wp-json\/wp\/v2\/pages\/3975\/revisions\/4303"}],"wp:attachment":[{"href":"https:\/\/www.5aldia.es\/es\/wp-json\/wp\/v2\/media?parent=3975"}],"curies":[{"name":"wp","href":"https:\/\/api.w.org\/{rel}","templated":true}]}}