{"id":3967,"date":"2018-03-08T11:09:18","date_gmt":"2018-03-08T10:09:18","guid":{"rendered":"https:\/\/www.5aldia.es\/es\/?page_id=3967"},"modified":"2018-04-25T18:55:55","modified_gmt":"2018-04-25T16:55:55","slug":"politica-galletas","status":"publish","type":"page","link":"https:\/\/www.5aldia.es\/es\/politica-galletas\/","title":{"rendered":"Pol\u00edtica de galletas"},"content":{"rendered":"\t\t<div data-elementor-type=\"wp-page\" data-elementor-id=\"3967\" class=\"elementor elementor-3967 elementor-bc-flex-widget\">\n\t\t\t\t\t\t<div class=\"elementor-inner\">\n\t\t\t\t<div class=\"elementor-section-wrap\">\n\t\t\t\t\t\t\t\t\t<section class=\"elementor-section elementor-top-section elementor-element elementor-element-36ad032e elementor-section-boxed elementor-section-height-default elementor-section-height-default\" data-id=\"36ad032e\" data-element_type=\"section\">\n\t\t\t\t\t\t<div class=\"elementor-container elementor-column-gap-default\">\n\t\t\t\t\t\t\t<div class=\"elementor-row\">\n\t\t\t\t\t<div class=\"elementor-column elementor-col-100 elementor-top-column elementor-element elementor-element-2ae04141\" data-id=\"2ae04141\" data-element_type=\"column\">\n\t\t\t<div class=\"elementor-column-wrap elementor-element-populated\">\n\t\t\t\t\t\t\t<div class=\"elementor-widget-wrap\">\n\t\t\t\t\t\t<div class=\"elementor-element elementor-element-776b5dc0 elementor-widget elementor-widget-text-editor\" data-id=\"776b5dc0\" data-element_type=\"widget\" data-widget_type=\"text-editor.default\">\n\t\t\t\t<div class=\"elementor-widget-container\">\n\t\t\t\t\t\t\t\t<div class=\"elementor-text-editor elementor-clearfix\">\n\t\t\t\t<p>En Mercabarna y AGEM utilizamos galletas con el objetivo de ofrecer un mejor servicio y proporcionarte una mejor experiencia a en tu navegaci\u00f3n.<\/p><p><span class=\"orange-color beautiful-heartbeat font-title-4\">\u00bfQU\u00c9 SON LAS GALLETAS?<\/span><br \/> Las galletas son archivos que se descargan y se guardan en cualquier dispositivo, y que almacenan informaci\u00f3n sobre tu navegaci\u00f3n. Las galletas son necesarias para poder acceder a determinados contenidos y servicios, as\u00ed como para que la navegaci\u00f3n sea m\u00e1s c\u00f3moda y f\u00e1cil para los usuarios.<br \/> Las galletas no da\u00f1an tu equipo, y el hecho de que est\u00e9n activadas permite identificar y resolver posibles errores. La activaci\u00f3n del uso de galletas en tu navegaci\u00f3n es voluntaria, pero te informamos que si las desactivas, la navegaci\u00f3n en nuestra p\u00e1gina puede no ser \u00f3ptima.<br \/> Sin embargo, recuerda que puedes bloquear, restringir o eliminar las galletas de nuestra p\u00e1gina web en cualquier momento. Al final del documento encontrar\u00e1s c\u00f3mo hacerlo.<\/p><p><span class=\"orange-color beautiful-heartbeat font-title-4\">\u00bfPOR QU\u00c9 SE UTILIZAN LAS GALLETAS EN ESTA P\u00c1GINA WEB<\/span><br \/> La informaci\u00f3n almacenada en las galletas de esta p\u00e1gina web tienen una finalidad estad\u00edstica, para posibilitar el acceso a todos los contenidos y funciones que te ofrecemos, as\u00ed como para mejorar y optimizar nuestra p\u00e1gina web para todos nuestros usuarios.<\/p><p><span class=\"orange-color beautiful-heartbeat font-title-4\">\u00bfQUI\u00c9N UTILIZA LA INFORMACI\u00d3N RECOGIDA POR LAS GALLETAS?<\/span><br \/> La informaci\u00f3n recogida y guardada durante tu sesi\u00f3n ser\u00e1 utilizada, de acuerdo con el p\u00e1rrafo anterior, exclusivamente por Mercabarna y la AGEM.<br \/> Te informamos, asimismo, que los datos recabados recogidos durante tu sesi\u00f3n ser\u00e1n almacenados por Google mediante las herramientas de Google Tag Manager y Google Analytics, con la \u00fanica y exclusiva finalidad de obtener datos estad\u00edsticos que nos ayudar\u00e1n a mejorar constantemente la p\u00e1gina web de \u00ab5 al d\u00eda\u00bb.<\/p><p><span class=\"orange-color beautiful-heartbeat font-title-4\"><br \/> \u00bfC\u00d3MO DESACTIVAR LAS GALLETAS?<\/span><br \/> Si prefieres restringir, bloquear o deshabilitar las galletas de la p\u00e1gina web de tu navegador, puedes hacerlo mediante la configuraci\u00f3n de las opciones del navegador. En los siguientes enlaces siguientes dispones de toda la informaci\u00f3n para deshabilitar desactivar tus galletas:<\/p><p>\u2022 <a href=\"https:\/\/support.google.com\/chrome\/answer\/95647?hl=es\" target=\"_blank\" rel=\"noopener\">Google Chrome<\/a><\/p><p>\u2022 <a href=\"https:\/\/support.mozilla.org\/es\/kb\/habilitar-y-deshabilitar-cookies-sitios-web-rastrear-preferencias\" target=\"_blank\" rel=\"noopener\">Mozilla Firefox<\/a><\/p><p>\u2022<a href=\"http:\/\/windows.microsoft.com\/es-es\/windows-vista\/block-or-allow-cookies\" target=\"_blank\" rel=\"noopener\">Internet Explorer<\/a><\/p><p>\u2022 <a href=\"http:\/\/support.apple.com\/kb\/PH17191?viewlocale=es_ES&amp;locale=es_ES\" target=\"_blank\" rel=\"noopener\">Safari<\/a><\/p><p>\u2022 <a href=\"http:\/\/support.apple.com\/kb\/ht1677?viewlocale=es_es\" target=\"_blank\" rel=\"noopener\">Safari para IOS <\/a> (iPhone y iPad)<\/p><p>\u2022 <a href=\"http:\/\/support.google.com\/chrome\/answer\/2392971?hl=es\" target=\"_blank\" rel=\"noopener\">Chrome para Android<\/a><\/p>\t\t\t\t\t<\/div>\n\t\t\t\t\t\t<\/div>\n\t\t\t\t<\/div>\n\t\t\t\t\t\t<\/div>\n\t\t\t\t\t<\/div>\n\t\t<\/div>\n\t\t\t\t\t\t\t\t<\/div>\n\t\t\t\t\t<\/div>\n\t\t<\/section>\n\t\t\t\t\t\t\t\t\t<\/div>\n\t\t\t<\/div>\n\t\t\t\t\t<\/div>\n\t\t","protected":false},"excerpt":{"rendered":"<p>En Mercabarna y AGEM utilizamos galletas con el objetivo de ofrecer un mejor servicio y proporcionarte una mejor experiencia a en tu navegaci\u00f3n. \u00bfQU\u00c9 SON LAS GALLETAS? Las galletas son archivos que se descargan y se guardan en cualquier dispositivo, y que almacenan informaci\u00f3n sobre tu navegaci\u00f3n. Las galletas son necesarias para poder acceder a &hellip; <a href=\"https:\/\/www.5aldia.es\/es\/politica-galletas\/\">Continuar<\/a><\/p>\n","protected":false},"author":1,"featured_media":0,"parent":0,"menu_order":41,"comment_status":"closed","ping_status":"closed","template":"","meta":[],"acf":[],"_links":{"self":[{"href":"https:\/\/www.5aldia.es\/es\/wp-json\/wp\/v2\/pages\/3967"}],"collection":[{"href":"https:\/\/www.5aldia.es\/es\/wp-json\/wp\/v2\/pages"}],"about":[{"href":"https:\/\/www.5aldia.es\/es\/wp-json\/wp\/v2\/types\/page"}],"author":[{"embeddable":true,"href":"https:\/\/www.5aldia.es\/es\/wp-json\/wp\/v2\/users\/1"}],"replies":[{"embeddable":true,"href":"https:\/\/www.5aldia.es\/es\/wp-json\/wp\/v2\/comments?post=3967"}],"version-history":[{"count":5,"href":"https:\/\/www.5aldia.es\/es\/wp-json\/wp\/v2\/pages\/3967\/revisions"}],"predecessor-version":[{"id":3976,"href":"https:\/\/www.5aldia.es\/es\/wp-json\/wp\/v2\/pages\/3967\/revisions\/3976"}],"wp:attachment":[{"href":"https:\/\/www.5aldia.es\/es\/wp-json\/wp\/v2\/media?parent=3967"}],"curies":[{"name":"wp","href":"https:\/\/api.w.org\/{rel}","templated":true}]}}