{"id":3956,"date":"2018-03-08T10:29:52","date_gmt":"2018-03-08T09:29:52","guid":{"rendered":"https:\/\/www.5aldia.es\/es\/?page_id=3956"},"modified":"2018-08-27T11:00:21","modified_gmt":"2018-08-27T09:00:21","slug":"enlaces-interes","status":"publish","type":"page","link":"https:\/\/www.5aldia.es\/es\/enlaces-interes\/","title":{"rendered":"Enlaces de inter\u00e9s"},"content":{"rendered":"\t\t<div data-elementor-type=\"wp-page\" data-elementor-id=\"3956\" class=\"elementor elementor-3956 elementor-bc-flex-widget\">\n\t\t\t\t\t\t<div class=\"elementor-inner\">\n\t\t\t\t<div class=\"elementor-section-wrap\">\n\t\t\t\t\t\t\t\t\t<section class=\"elementor-section elementor-top-section elementor-element elementor-element-7fffca0a links-interest elementor-section-boxed elementor-section-height-default elementor-section-height-default\" data-id=\"7fffca0a\" data-element_type=\"section\">\n\t\t\t\t\t\t<div class=\"elementor-container elementor-column-gap-default\">\n\t\t\t\t\t\t\t<div class=\"elementor-row\">\n\t\t\t\t\t<div class=\"elementor-column elementor-col-50 elementor-top-column elementor-element elementor-element-3cefa17b\" data-id=\"3cefa17b\" data-element_type=\"column\">\n\t\t\t<div class=\"elementor-column-wrap elementor-element-populated\">\n\t\t\t\t\t\t\t<div class=\"elementor-widget-wrap\">\n\t\t\t\t\t\t<div class=\"elementor-element elementor-element-1439cd26 elementor-widget elementor-widget-text-editor\" data-id=\"1439cd26\" data-element_type=\"widget\" data-widget_type=\"text-editor.default\">\n\t\t\t\t<div class=\"elementor-widget-container\">\n\t\t\t\t\t\t\t\t<div class=\"elementor-text-editor elementor-clearfix\">\n\t\t\t\t<p><span class=\"beautiful-heartbeat font-title-4 green-dark-color\">CAMPA\u00d1AS \u00ab5 AL D\u00cdA\u00bb TODO EL MUNDO:<br \/> <\/span><\/p><p>Alemania: <a href=\"http:\/\/www.5amtag.de\" target=\"_blank\" rel=\"noopener\">www.5amtag.de<\/a><br \/> Australia: <a href=\"http:\/\/www.gofor2and5.com.au\" target=\"_blank\" rel=\"noopener\">www.gofor2and5.com.au\/<\/a><br \/> Brasil: <a href=\"http:\/\/www.5aodia.com.br\" target=\"_blank\" rel=\"noopener\">www.5aodia.com.br\/<\/a><br \/> Espa\u00f1a (Club 5 al d\u00eda): <a href=\"http:\/\/www.5aldia.com\" target=\"_blank\" rel=\"noopener\">www.5aldia.com<\/a><br \/> Estados Unidos: <a href=\"http:\/\/www.5aday.com\" target=\"_blank\" rel=\"noopener\">www.5aday.com<\/a><br \/> Finlandia: <a href=\"http:\/\/www.kasvikset.fi\" target=\"_blank\" rel=\"noopener\">www.kasvikset.fi<\/a><br \/> Francia: <a href=\"http:\/\/www.fraichattitude.com\" target=\"_blank\" rel=\"noopener\">www.fraichattitude.com<\/a><br \/> Holanda: <a href=\"http:\/\/www.groentenfruit.nl\/\" target=\"_blank\" rel=\"noopener\">www.groentenfruit.nl<\/a><br \/> Jap\u00f3n: <a href=\"http:\/\/www.5aday.net\" target=\"_blank\" rel=\"noopener\">www.5aday.net<\/a><br \/> Noruega: <a href=\"http:\/\/www.skolefrukt.no\" target=\"_blank\" rel=\"noopener\">www.skolefrukt.no<\/a><br \/> Nueva Zelanda: <a href=\"http:\/\/www.5aday.co.nz\" target=\"_blank\" rel=\"noopener\">www.5aday.co.nz<\/a><br \/> Suiza: <a href=\"http:\/\/www.5amtag.ch\" target=\"_blank\" rel=\"noopener\">www.5amtag.ch<\/a><br \/> Uruguay: <a href=\"http:\/\/www.mercadomodelo.net\" target=\"_blank\" rel=\"noopener\">www.mercadomodelo.net<\/a><\/p>\t\t\t\t\t<\/div>\n\t\t\t\t\t\t<\/div>\n\t\t\t\t<\/div>\n\t\t\t\t\t\t<\/div>\n\t\t\t\t\t<\/div>\n\t\t<\/div>\n\t\t\t\t<div class=\"elementor-column elementor-col-50 elementor-top-column elementor-element elementor-element-34c1f157\" data-id=\"34c1f157\" data-element_type=\"column\">\n\t\t\t<div class=\"elementor-column-wrap elementor-element-populated\">\n\t\t\t\t\t\t\t<div class=\"elementor-widget-wrap\">\n\t\t\t\t\t\t<div class=\"elementor-element elementor-element-40adaa8a elementor-widget elementor-widget-text-editor\" data-id=\"40adaa8a\" data-element_type=\"widget\" data-widget_type=\"text-editor.default\">\n\t\t\t\t<div class=\"elementor-widget-container\">\n\t\t\t\t\t\t\t\t<div class=\"elementor-text-editor elementor-clearfix\">\n\t\t\t\t<p><span class=\"beautiful-heartbeat font-title-4 green-dark-color\">WEBS SOBRE ALIMENTACI\u00d3N:<\/span><\/p><p>Sociedad Espa\u00f1ola de Diet\u00e9tica y Ciencias de la Alimentaci\u00f3n: <a href=\"http:\/\/www.nutricion.org\/\" target=\"_blank\" rel=\"noopener\">www.nutricion.org\/<\/a><br \/> Fundaci\u00f3n Dieta Mediterr\u00e1nea: <a href=\"http:\/\/www.fdmed.org\/\" target=\"_blank\" rel=\"noopener\">www.fdmed.org\/<\/a><br \/> Sal\u00f3n Dieta Mediterr\u00e1nea y Salud: <a href=\"http:\/\/www.dietamediterraneaysalud.com\/\" target=\"_blank\" rel=\"noopener\">www.dietamediterraneaysalud.com\/<\/a><br \/> Fundaci\u00f3n Alicia: <a href=\"http:\/\/www.alicia.cat\/\" target=\"_blank\" rel=\"noopener\">www.alicia.cat\/<\/a><br \/> Plan de consumo de fruta en las escuelas del Departamento de Agricultura, Alimentaci\u00f3n y Acci\u00f3n Rural de la Generalitat de Catalu\u00f1a<\/p>\t\t\t\t\t<\/div>\n\t\t\t\t\t\t<\/div>\n\t\t\t\t<\/div>\n\t\t\t\t<div class=\"elementor-element elementor-element-b758cb9 elementor-widget elementor-widget-text-editor\" data-id=\"b758cb9\" data-element_type=\"widget\" data-widget_type=\"text-editor.default\">\n\t\t\t\t<div class=\"elementor-widget-container\">\n\t\t\t\t\t\t\t\t<div class=\"elementor-text-editor elementor-clearfix\">\n\t\t\t\t<p><span class=\"beautiful-heartbeat font-title-4 green-dark-color\">WEBS SOBRE FRUTAS Y HORTALIZAS:<\/span><\/p><p>Gu\u00eda de las mejores frutas y hortalizas: <a href=\"http:\/\/www.frutas-hortalizas.com\" target=\"_blank\" rel=\"noopener\">www.frutas-hortalizas.com<\/a><br \/> Better Health Foundation: <a href=\"http:\/\/www.fruitsandveggiesmorematters.org\/\" target=\"_blank\" rel=\"noopener\">www.fruitsandveggiesmorematters.org\/<\/a><\/p>\t\t\t\t\t<\/div>\n\t\t\t\t\t\t<\/div>\n\t\t\t\t<\/div>\n\t\t\t\t\t\t<\/div>\n\t\t\t\t\t<\/div>\n\t\t<\/div>\n\t\t\t\t\t\t\t\t<\/div>\n\t\t\t\t\t<\/div>\n\t\t<\/section>\n\t\t\t\t\t\t\t\t\t<\/div>\n\t\t\t<\/div>\n\t\t\t\t\t<\/div>\n\t\t","protected":false},"excerpt":{"rendered":"<p>CAMPA\u00d1AS \u00ab5 AL D\u00cdA\u00bb TODO EL MUNDO: Alemania: www.5amtag.de Australia: www.gofor2and5.com.au\/ Brasil: www.5aodia.com.br\/ Espa\u00f1a (Club 5 al d\u00eda): www.5aldia.com Estados Unidos: www.5aday.com Finlandia: www.kasvikset.fi Francia: www.fraichattitude.com Holanda: www.groentenfruit.nl Jap\u00f3n: www.5aday.net Noruega: www.skolefrukt.no Nueva Zelanda: www.5aday.co.nz Suiza: www.5amtag.ch Uruguay: www.mercadomodelo.net WEBS SOBRE ALIMENTACI\u00d3N: Sociedad Espa\u00f1ola de Diet\u00e9tica y Ciencias de la Alimentaci\u00f3n: www.nutricion.org\/ Fundaci\u00f3n Dieta Mediterr\u00e1nea: &hellip; <a href=\"https:\/\/www.5aldia.es\/es\/enlaces-interes\/\">Continuar<\/a><\/p>\n","protected":false},"author":1,"featured_media":0,"parent":0,"menu_order":40,"comment_status":"closed","ping_status":"closed","template":"","meta":[],"acf":[],"_links":{"self":[{"href":"https:\/\/www.5aldia.es\/es\/wp-json\/wp\/v2\/pages\/3956"}],"collection":[{"href":"https:\/\/www.5aldia.es\/es\/wp-json\/wp\/v2\/pages"}],"about":[{"href":"https:\/\/www.5aldia.es\/es\/wp-json\/wp\/v2\/types\/page"}],"author":[{"embeddable":true,"href":"https:\/\/www.5aldia.es\/es\/wp-json\/wp\/v2\/users\/1"}],"replies":[{"embeddable":true,"href":"https:\/\/www.5aldia.es\/es\/wp-json\/wp\/v2\/comments?post=3956"}],"version-history":[{"count":5,"href":"https:\/\/www.5aldia.es\/es\/wp-json\/wp\/v2\/pages\/3956\/revisions"}],"predecessor-version":[{"id":4304,"href":"https:\/\/www.5aldia.es\/es\/wp-json\/wp\/v2\/pages\/3956\/revisions\/4304"}],"wp:attachment":[{"href":"https:\/\/www.5aldia.es\/es\/wp-json\/wp\/v2\/media?parent=3956"}],"curies":[{"name":"wp","href":"https:\/\/api.w.org\/{rel}","templated":true}]}}