{"id":3949,"date":"2018-03-07T18:46:43","date_gmt":"2018-03-07T17:46:43","guid":{"rendered":"https:\/\/www.5aldia.es\/es\/?page_id=3949"},"modified":"2018-04-25T18:56:02","modified_gmt":"2018-04-25T16:56:02","slug":"aviso-legal","status":"publish","type":"page","link":"https:\/\/www.5aldia.es\/es\/aviso-legal\/","title":{"rendered":"Aviso legal"},"content":{"rendered":"\t\t<div data-elementor-type=\"wp-page\" data-elementor-id=\"3949\" class=\"elementor elementor-3949 elementor-bc-flex-widget\">\n\t\t\t\t\t\t<div class=\"elementor-inner\">\n\t\t\t\t<div class=\"elementor-section-wrap\">\n\t\t\t\t\t\t\t\t\t<section class=\"elementor-section elementor-top-section elementor-element elementor-element-2c207805 elementor-section-boxed elementor-section-height-default elementor-section-height-default\" data-id=\"2c207805\" data-element_type=\"section\">\n\t\t\t\t\t\t<div class=\"elementor-container elementor-column-gap-default\">\n\t\t\t\t\t\t\t<div class=\"elementor-row\">\n\t\t\t\t\t<div class=\"elementor-column elementor-col-100 elementor-top-column elementor-element elementor-element-7ca4f393\" data-id=\"7ca4f393\" data-element_type=\"column\">\n\t\t\t<div class=\"elementor-column-wrap elementor-element-populated\">\n\t\t\t\t\t\t\t<div class=\"elementor-widget-wrap\">\n\t\t\t\t\t\t<div class=\"elementor-element elementor-element-3a786692 elementor-widget elementor-widget-text-editor\" data-id=\"3a786692\" data-element_type=\"widget\" data-widget_type=\"text-editor.default\">\n\t\t\t\t<div class=\"elementor-widget-container\">\n\t\t\t\t\t\t\t\t<div class=\"elementor-text-editor elementor-clearfix\">\n\t\t\t\t<p>Este sitio web y todos sus contenidos, incluyendo los textos, im\u00e1genes, sonidos, bases de datos, c\u00f3digos y cualquier otro material, son propiedad de la campa\u00f1a \u00bb &#8216;5 al d\u00eda'\u00bb -organizada por Mercabarna y la Asociaci\u00f3n gremial de Empresarios Mayoristas de Frutas y Hortalizas de Barcelona y Provincia (AGEM) -, o de terceros que le hayan autorizado el uso de estos contenidos.<\/p><p>Todo este material est\u00e1 amparado por la legislaci\u00f3n de protecci\u00f3n de la propiedad intelectual. Sus titulares se reservan las acciones legalmente oportunas para reparar los da\u00f1os y perjuicios causados por cualquier acto que vulnere los derechos de propiedad intelectual sobre estos contenidos.<\/p><p>Todo acceso a este sitio web est\u00e1 sujeto a las siguientes condiciones: Queda totalmente prohibido distribuir, copiar, modificar o enviar tanto el contenido como el c\u00f3digo de las p\u00e1ginas, salvo que se cuente con autorizaci\u00f3n expresa y por escrito de los responsables de la campa\u00f1a \u00bb &#8216;5 al d\u00eda'\u00bb (Mercabarna y AGEM). Los usuarios no pueden vender o ceder, bajo ning\u00fan concepto, ni siquiera de manera gratuita, la informaci\u00f3n que se facilita en esta p\u00e1gina. No puede ser objeto por parte de los usuarios de venta o cesi\u00f3n, bajo ning\u00fan concepto, incluyendo la gratuita. \u00ab5 al d\u00eda\u201d, frutas y hortalizas para una buena salud\u00bb es una marca legalmente registrada. Queda absolutamente prohibido cualquier uso o reproducci\u00f3n de esta sin la autorizaci\u00f3n previa y por escrito de Mercabarna y la AGEM. El usuario se compromete a utilizar este servicio sin incurrir en actividades que puedan ser consideradas il\u00edcitas o ilegales, que infrinjan los derechos de Mercabarna y AGEM o de terceros, o que puedan atentar contra las normas vigentes.<br \/><br \/> Mercabarna y AGEM no ser\u00e1n responsables del uso por parte de terceros de la informaci\u00f3n contenida en la web, si bien habr\u00e1 que atenerse a las prescripciones y las advertencias que se establezcan para determinados documentos y aplicaciones.<\/p>\t\t\t\t\t<\/div>\n\t\t\t\t\t\t<\/div>\n\t\t\t\t<\/div>\n\t\t\t\t\t\t<\/div>\n\t\t\t\t\t<\/div>\n\t\t<\/div>\n\t\t\t\t\t\t\t\t<\/div>\n\t\t\t\t\t<\/div>\n\t\t<\/section>\n\t\t\t\t\t\t\t\t\t<\/div>\n\t\t\t<\/div>\n\t\t\t\t\t<\/div>\n\t\t","protected":false},"excerpt":{"rendered":"<p>Este sitio web y todos sus contenidos, incluyendo los textos, im\u00e1genes, sonidos, bases de datos, c\u00f3digos y cualquier otro material, son propiedad de la campa\u00f1a \u00bb &#8216;5 al d\u00eda&#8217;\u00bb -organizada por Mercabarna y la Asociaci\u00f3n gremial de Empresarios Mayoristas de Frutas y Hortalizas de Barcelona y Provincia (AGEM) -, o de terceros que le hayan &hellip; <a href=\"https:\/\/www.5aldia.es\/es\/aviso-legal\/\">Continuar<\/a><\/p>\n","protected":false},"author":1,"featured_media":0,"parent":0,"menu_order":39,"comment_status":"closed","ping_status":"closed","template":"","meta":[],"acf":[],"_links":{"self":[{"href":"https:\/\/www.5aldia.es\/es\/wp-json\/wp\/v2\/pages\/3949"}],"collection":[{"href":"https:\/\/www.5aldia.es\/es\/wp-json\/wp\/v2\/pages"}],"about":[{"href":"https:\/\/www.5aldia.es\/es\/wp-json\/wp\/v2\/types\/page"}],"author":[{"embeddable":true,"href":"https:\/\/www.5aldia.es\/es\/wp-json\/wp\/v2\/users\/1"}],"replies":[{"embeddable":true,"href":"https:\/\/www.5aldia.es\/es\/wp-json\/wp\/v2\/comments?post=3949"}],"version-history":[{"count":3,"href":"https:\/\/www.5aldia.es\/es\/wp-json\/wp\/v2\/pages\/3949\/revisions"}],"predecessor-version":[{"id":4302,"href":"https:\/\/www.5aldia.es\/es\/wp-json\/wp\/v2\/pages\/3949\/revisions\/4302"}],"wp:attachment":[{"href":"https:\/\/www.5aldia.es\/es\/wp-json\/wp\/v2\/media?parent=3949"}],"curies":[{"name":"wp","href":"https:\/\/api.w.org\/{rel}","templated":true}]}}