{"id":3897,"date":"2018-03-07T16:41:21","date_gmt":"2018-03-07T15:41:21","guid":{"rendered":"https:\/\/www.5aldia.es\/es\/?page_id=3897"},"modified":"2022-05-09T23:12:52","modified_gmt":"2022-05-09T21:12:52","slug":"juego-superpoderes-frutas-hortalizas","status":"publish","type":"page","link":"https:\/\/www.5aldia.es\/es\/actividades-5-al-dia\/juego-superpoderes-frutas-hortalizas\/","title":{"rendered":"Juego Superpoderes de las frutas y hortalizas"},"content":{"rendered":"\t\t<div data-elementor-type=\"wp-page\" data-elementor-id=\"3897\" class=\"elementor elementor-3897\">\n\t\t\t\t\t\t<div class=\"elementor-inner\">\n\t\t\t\t<div class=\"elementor-section-wrap\">\n\t\t\t\t\t\t\t\t\t<section class=\"elementor-section elementor-top-section elementor-element elementor-element-7e8bef3 elementor-section-boxed elementor-section-height-default elementor-section-height-default\" data-id=\"7e8bef3\" data-element_type=\"section\" id=\"expert_quiz\">\n\t\t\t\t\t\t<div class=\"elementor-container elementor-column-gap-default\">\n\t\t\t\t\t\t\t<div class=\"elementor-row\">\n\t\t\t\t\t<div class=\"elementor-column elementor-col-100 elementor-top-column elementor-element elementor-element-376ef0f2\" data-id=\"376ef0f2\" data-element_type=\"column\">\n\t\t\t<div class=\"elementor-column-wrap elementor-element-populated\">\n\t\t\t\t\t\t\t<div class=\"elementor-widget-wrap\">\n\t\t\t\t\t\t<div class=\"elementor-element elementor-element-4ce5eb13 elementor-widget elementor-widget-text-editor\" data-id=\"4ce5eb13\" data-element_type=\"widget\" data-widget_type=\"text-editor.default\">\n\t\t\t\t<div class=\"elementor-widget-container\">\n\t\t\t\t\t\t\t\t<div class=\"elementor-text-editor elementor-clearfix\">\n\t\t\t\t<p style=\"text-align: center;\"><span style=\"color: #01836b; font-family: 'Beautiful Heartbeat', sans-serif;\"><span style=\"font-size: 45px; letter-spacing: 1.6px;\">RESPONDE EL CUESTIONARIO<\/span><\/span><\/p>\n<p style=\"text-align: center;\"><span style=\"font-size: 1rem;\">\u00a1Y cuando termines divi\u00e9rtete creando tu propio personaje de la campa\u00f1a \u00ab5 al d\u00eda\u00bb!<\/span><\/p>\t\t\t\t\t<\/div>\n\t\t\t\t\t\t<\/div>\n\t\t\t\t<\/div>\n\t\t\t\t<div class=\"elementor-element elementor-element-21a2cc1 elementor-widget elementor-widget-shortcode\" data-id=\"21a2cc1\" data-element_type=\"widget\" data-widget_type=\"shortcode.default\">\n\t\t\t\t<div class=\"elementor-widget-container\">\n\t\t\t\t\t<div class=\"elementor-shortcode\"><div class=\"wq-quiz-wrapper\" data-id=\"5192\"><style type=\"text\/css\" id=\"wq-trivia-custom-css\">.wq-quiz-wrapper[data-id=\"5192\"] {\n--wq-question-width: 100%;\n--wq-question-color: #009cff;\n--wq-question-height: auto;\n--wq-bar-color: #01836b;\n--wq-font-color: #000000;\n--wq-background-color: #fffacc;\n}\n<\/style><!-- wp quiz -->\n<div id=\"wp-quiz-5192\" class=\"wq_quizCtr multiple trivia_quiz wq-quiz wq-quiz-5192 wq-quiz-trivia wq-layout-multiple wq-skin-flat wq-should-show-correct-answer\" data-quiz-id=\"5192\">\n<!-- Progress bar -->\n<div class=\"wq-progress-bar-container wq_quizProgressBarCtr\">\n\t<div class=\"wq_quizProgressBar\">\n\t\t<span class=\"wq_quizProgressValue\" style=\"width: 0%;\">0%<\/span>\n\t<\/div>\n<\/div>\n<!-- \/\/ Progress bar-->\n<div class=\"wq-questions wq_questionsCtr\">\n\t<div class=\"wq-question wq_singleQuestionWrapper wq-question-ds3ay\" data-index=\"0\">\n\n\t\n\t<div class=\"wq_singleQuestionCtr\">\n\t\t<div class=\"wq_questionTextWrapper quiz-pro-clearfix\">\n\t\t\t<div class=\"wq_questionTextCtr\">\n\t\t\t\t<h4>1. \u00bfQu\u00e9 familia de frutas tiene el superpoder de ayudarnos a luchar contra los resfriados?\r\n<\/h4>\n\t\t\t<\/div>\n\t\t<\/div>\n\n\t\t<div class=\"wq_questionMediaCtr\">\n\t\t\t\t\t<\/div>\n\n\t\t<div class=\"wq-question-answers wq_questionAnswersCtr\">\n\t\t\t\n\t\t\t<div class=\"wq-answers wq_answersWrapper\">\n\t\t\t<div class=\"wq-answer wq_singleAnswerCtr\" data-id=\"3kmhw\">\n\t\t\t<label class=\"wq_answerTxtCtr\">Los C\u00edtricos: La naranja, el lim\u00f3n, el pomelo ...<\/label>\n\t\t<\/div>\n\t\t\t<div class=\"wq-answer wq_singleAnswerCtr\" data-id=\"6ggs5\">\n\t\t\t<label class=\"wq_answerTxtCtr\">Los frutos secos: nueces, almendras, las avellanas ...<\/label>\n\t\t<\/div>\n\t<\/div>\n\t\t<\/div>\n\n\t\t\t\t\t<div class=\"wq-question-hint\">\n\t\t\t\t<div class=\"wq-question-hint-content\">Es una familia de frutas con mucha Vitamina C ...<\/div>\n\t\t\t\t<a href=\"#\" class=\"wq-question-hint-button\">Show hint<\/a>\n\t\t\t<\/div>\n\t\t\n\t\t<div class=\"wq-trivia-question-explanation wq_triviaQuestionExplanation\">\n\t\t\t<div class=\"wq-explanation-head wq_ExplanationHead\">\n\t\t\t\t<!--<span class=\"wq-explanation-head-correct\">Correct!<\/span>\n\t\t\t\t<span class=\"wq-explanation-head-incorrect\">Wrong!<\/span>-->\n\t\t\t\t<span class=\"wq-explanation-head-correct\">\n\t\t\t\t\t\u00a1Correcto!\t\t\t\t<\/span>\n\t\t\t\t<span class=\"wq-explanation-head-incorrect\">\n\t\t\t\t\u00a1Falso!\t\t\t\t<\/span>\n\t\t\t<\/div>\n\t\t\t<p class=\"wq-explanation-text wq_QuestionExplanationText\">En invierno toma un buen zumo de naranja natural y el fr\u00edo no te resfriar\u00e1. Y en verano, toma limonada, \u00a1y de cabeza a la piscina!<\/p>\n\t\t<\/div>\n\t<\/div>\n\n\t<!--<div class=\"wq_continue\">\n\t<button class=\"wq-continue-btn wq_btn-continue\" type=\"button\">Continue &gt;&gt;<\/button>\n<\/div>-->\n<div class=\"wq_continue\">\n\t<button class=\"wq-continue-btn wq_btn-continue\" type=\"button\">\n\t\t\t\tContinuar<\/button>\n<\/div>\n\n<\/div>\n<div class=\"wq-question wq_singleQuestionWrapper wq-question-qp4bj\" data-index=\"1\">\n\n\t\n\t<div class=\"wq_singleQuestionCtr\">\n\t\t<div class=\"wq_questionTextWrapper quiz-pro-clearfix\">\n\t\t\t<div class=\"wq_questionTextCtr\">\n\t\t\t\t<h4>2.  \u00bfQu\u00e9 hortaliza de ra\u00edz es especialmente conocida por tener el superpoder de ser beneficiosa para nuestros ojos y nuestra piel?<\/h4>\n\t\t\t<\/div>\n\t\t<\/div>\n\n\t\t<div class=\"wq_questionMediaCtr\">\n\t\t\t\t\t<\/div>\n\n\t\t<div class=\"wq-question-answers wq_questionAnswersCtr\">\n\t\t\t\n\t\t\t<div class=\"wq-answers wq_answersWrapper\">\n\t\t\t<div class=\"wq-answer wq_singleAnswerCtr\" data-id=\"ltil9\">\n\t\t\t<label class=\"wq_answerTxtCtr\">La zanahoria.<\/label>\n\t\t<\/div>\n\t\t\t<div class=\"wq-answer wq_singleAnswerCtr\" data-id=\"fh0n4\">\n\t\t\t<label class=\"wq_answerTxtCtr\">El r\u00e1bano.<\/label>\n\t\t<\/div>\n\t<\/div>\n\t\t<\/div>\n\n\t\t\t\t\t<div class=\"wq-question-hint\">\n\t\t\t\t<div class=\"wq-question-hint-content\">La zanahoria aporta mucha vitamina A, muy necesaria para la salud de la piel y para la vista.<\/div>\n\t\t\t\t<a href=\"#\" class=\"wq-question-hint-button\">Show hint<\/a>\n\t\t\t<\/div>\n\t\t\n\t\t<div class=\"wq-trivia-question-explanation wq_triviaQuestionExplanation\">\n\t\t\t<div class=\"wq-explanation-head wq_ExplanationHead\">\n\t\t\t\t<!--<span class=\"wq-explanation-head-correct\">Correct!<\/span>\n\t\t\t\t<span class=\"wq-explanation-head-incorrect\">Wrong!<\/span>-->\n\t\t\t\t<span class=\"wq-explanation-head-correct\">\n\t\t\t\t\t\u00a1Correcto!\t\t\t\t<\/span>\n\t\t\t\t<span class=\"wq-explanation-head-incorrect\">\n\t\t\t\t\u00a1Falso!\t\t\t\t<\/span>\n\t\t\t<\/div>\n\t\t\t<p class=\"wq-explanation-text wq_QuestionExplanationText\">La zanahoria aporta mucha vitamina A, muy necesaria para la salud de la piel y para la vista.<\/p>\n\t\t<\/div>\n\t<\/div>\n\n\t<!--<div class=\"wq_continue\">\n\t<button class=\"wq-continue-btn wq_btn-continue\" type=\"button\">Continue &gt;&gt;<\/button>\n<\/div>-->\n<div class=\"wq_continue\">\n\t<button class=\"wq-continue-btn wq_btn-continue\" type=\"button\">\n\t\t\t\tContinuar<\/button>\n<\/div>\n\n<\/div>\n<div class=\"wq-question wq_singleQuestionWrapper wq-question-l4om9\" data-index=\"2\">\n\n\t\n\t<div class=\"wq_singleQuestionCtr\">\n\t\t<div class=\"wq_questionTextWrapper quiz-pro-clearfix\">\n\t\t\t<div class=\"wq_questionTextCtr\">\n\t\t\t\t<h4>3. \u00bfQu\u00e9 fruta ex\u00f3tica tiene el superpoder de hacer que tus m\u00fasculos resistan mejor el esfuerzo?<\/h4>\n\t\t\t<\/div>\n\t\t<\/div>\n\n\t\t<div class=\"wq_questionMediaCtr\">\n\t\t\t\t\t<\/div>\n\n\t\t<div class=\"wq-question-answers wq_questionAnswersCtr\">\n\t\t\t\n\t\t\t<div class=\"wq-answers wq_answersWrapper\">\n\t\t\t<div class=\"wq-answer wq_singleAnswerCtr\" data-id=\"0shbs\">\n\t\t\t<label class=\"wq_answerTxtCtr\">El pl\u00e1tano.<\/label>\n\t\t<\/div>\n\t\t\t<div class=\"wq-answer wq_singleAnswerCtr\" data-id=\"1wv6f\">\n\t\t\t<label class=\"wq_answerTxtCtr\">La pi\u00f1a.<\/label>\n\t\t<\/div>\n\t<\/div>\n\t\t<\/div>\n\n\t\t\t\t\t<div class=\"wq-question-hint\">\n\t\t\t\t<div class=\"wq-question-hint-content\">Los tenistas siempre comen, entre set y set, para recuperar fuerzas.<\/div>\n\t\t\t\t<a href=\"#\" class=\"wq-question-hint-button\">Show hint<\/a>\n\t\t\t<\/div>\n\t\t\n\t\t<div class=\"wq-trivia-question-explanation wq_triviaQuestionExplanation\">\n\t\t\t<div class=\"wq-explanation-head wq_ExplanationHead\">\n\t\t\t\t<!--<span class=\"wq-explanation-head-correct\">Correct!<\/span>\n\t\t\t\t<span class=\"wq-explanation-head-incorrect\">Wrong!<\/span>-->\n\t\t\t\t<span class=\"wq-explanation-head-correct\">\n\t\t\t\t\t\u00a1Correcto!\t\t\t\t<\/span>\n\t\t\t\t<span class=\"wq-explanation-head-incorrect\">\n\t\t\t\t\u00a1Falso!\t\t\t\t<\/span>\n\t\t\t<\/div>\n\t\t\t<p class=\"wq-explanation-text wq_QuestionExplanationText\">El pl\u00e1tano tiene mucho potasio, por lo que ayuda a que los m\u00fasculos funcionen bien y no se agarroten con los esfuerzos.<\/p>\n\t\t<\/div>\n\t<\/div>\n\n\t<!--<div class=\"wq_continue\">\n\t<button class=\"wq-continue-btn wq_btn-continue\" type=\"button\">Continue &gt;&gt;<\/button>\n<\/div>-->\n<div class=\"wq_continue\">\n\t<button class=\"wq-continue-btn wq_btn-continue\" type=\"button\">\n\t\t\t\tContinuar<\/button>\n<\/div>\n\n<\/div>\n<div class=\"wq-question wq_singleQuestionWrapper wq-question-u4uk3\" data-index=\"3\">\n\n\t\n\t<div class=\"wq_singleQuestionCtr\">\n\t\t<div class=\"wq_questionTextWrapper quiz-pro-clearfix\">\n\t\t\t<div class=\"wq_questionTextCtr\">\n\t\t\t\t<h4>4. Todos los frutos secos nos ayudan a mejorar el funcionamiento de nuestro coraz\u00f3n, pero \u00bfa qu\u00e9 fruto seco se le atribuye especialmente este superpoder?<\/h4>\n\t\t\t<\/div>\n\t\t<\/div>\n\n\t\t<div class=\"wq_questionMediaCtr\">\n\t\t\t\t\t<\/div>\n\n\t\t<div class=\"wq-question-answers wq_questionAnswersCtr\">\n\t\t\t\n\t\t\t<div class=\"wq-answers wq_answersWrapper\">\n\t\t\t<div class=\"wq-answer wq_singleAnswerCtr\" data-id=\"boe7f\">\n\t\t\t<label class=\"wq_answerTxtCtr\">Las nueces.<\/label>\n\t\t<\/div>\n\t\t\t<div class=\"wq-answer wq_singleAnswerCtr\" data-id=\"0ofvx\">\n\t\t\t<label class=\"wq_answerTxtCtr\">Las almendras.<\/label>\n\t\t<\/div>\n\t<\/div>\n\t\t<\/div>\n\n\t\t\t\t\t<div class=\"wq-question-hint\">\n\t\t\t\t<div class=\"wq-question-hint-content\">Es muy peculiar este fruto seco ... \u00a1tiene forma como de cerebro!<\/div>\n\t\t\t\t<a href=\"#\" class=\"wq-question-hint-button\">Show hint<\/a>\n\t\t\t<\/div>\n\t\t\n\t\t<div class=\"wq-trivia-question-explanation wq_triviaQuestionExplanation\">\n\t\t\t<div class=\"wq-explanation-head wq_ExplanationHead\">\n\t\t\t\t<!--<span class=\"wq-explanation-head-correct\">Correct!<\/span>\n\t\t\t\t<span class=\"wq-explanation-head-incorrect\">Wrong!<\/span>-->\n\t\t\t\t<span class=\"wq-explanation-head-correct\">\n\t\t\t\t\t\u00a1Correcto!\t\t\t\t<\/span>\n\t\t\t\t<span class=\"wq-explanation-head-incorrect\">\n\t\t\t\t\u00a1Falso!\t\t\t\t<\/span>\n\t\t\t<\/div>\n\t\t\t<p class=\"wq-explanation-text wq_QuestionExplanationText\">Las nueces, \u00a1por supuesto! Contienen \u00e1cidos grasos esenciales para el sistema cardiovascular y el coraz\u00f3n.<\/p>\n\t\t<\/div>\n\t<\/div>\n\n\t<!--<div class=\"wq_continue\">\n\t<button class=\"wq-continue-btn wq_btn-continue\" type=\"button\">Continue &gt;&gt;<\/button>\n<\/div>-->\n<div class=\"wq_continue\">\n\t<button class=\"wq-continue-btn wq_btn-continue\" type=\"button\">\n\t\t\t\tContinuar<\/button>\n<\/div>\n\n<\/div>\n<\/div>\n<\/div>\n<!-- \/\/ wp quiz-->\n<\/div><!-- End .wq-quiz-wrapper --><\/div>\n\t\t\t\t<\/div>\n\t\t\t\t<\/div>\n\t\t\t\t<div class=\"elementor-element elementor-element-19b2a0a elementor-widget elementor-widget-spacer\" data-id=\"19b2a0a\" data-element_type=\"widget\" data-widget_type=\"spacer.default\">\n\t\t\t\t<div class=\"elementor-widget-container\">\n\t\t\t\t\t<div class=\"elementor-spacer\">\n\t\t\t<div class=\"elementor-spacer-inner\"><\/div>\n\t\t<\/div>\n\t\t\t\t<\/div>\n\t\t\t\t<\/div>\n\t\t\t\t\t\t<\/div>\n\t\t\t\t\t<\/div>\n\t\t<\/div>\n\t\t\t\t\t\t\t\t<\/div>\n\t\t\t\t\t<\/div>\n\t\t<\/section>\n\t\t\t\t\t\t\t\t\t<\/div>\n\t\t\t<\/div>\n\t\t\t\t\t<\/div>\n\t\t","protected":false},"excerpt":{"rendered":"<p>RESPONDE EL CUESTIONARIO \u00a1Y cuando termines divi\u00e9rtete creando tu propio personaje de la campa\u00f1a \u00ab5 al d\u00eda\u00bb!<\/p>\n","protected":false},"author":1,"featured_media":0,"parent":3895,"menu_order":29,"comment_status":"closed","ping_status":"closed","template":"","meta":[],"acf":[],"_links":{"self":[{"href":"https:\/\/www.5aldia.es\/es\/wp-json\/wp\/v2\/pages\/3897"}],"collection":[{"href":"https:\/\/www.5aldia.es\/es\/wp-json\/wp\/v2\/pages"}],"about":[{"href":"https:\/\/www.5aldia.es\/es\/wp-json\/wp\/v2\/types\/page"}],"author":[{"embeddable":true,"href":"https:\/\/www.5aldia.es\/es\/wp-json\/wp\/v2\/users\/1"}],"replies":[{"embeddable":true,"href":"https:\/\/www.5aldia.es\/es\/wp-json\/wp\/v2\/comments?post=3897"}],"version-history":[{"count":11,"href":"https:\/\/www.5aldia.es\/es\/wp-json\/wp\/v2\/pages\/3897\/revisions"}],"predecessor-version":[{"id":5198,"href":"https:\/\/www.5aldia.es\/es\/wp-json\/wp\/v2\/pages\/3897\/revisions\/5198"}],"up":[{"embeddable":true,"href":"https:\/\/www.5aldia.es\/es\/wp-json\/wp\/v2\/pages\/3895"}],"wp:attachment":[{"href":"https:\/\/www.5aldia.es\/es\/wp-json\/wp\/v2\/media?parent=3897"}],"curies":[{"name":"wp","href":"https:\/\/api.w.org\/{rel}","templated":true}]}}