{"id":3889,"date":"2018-03-07T11:23:28","date_gmt":"2018-03-07T10:23:28","guid":{"rendered":"https:\/\/www.5aldia.es\/es\/?page_id=3889"},"modified":"2018-10-22T10:13:45","modified_gmt":"2018-10-22T08:13:45","slug":"prepara-la-visita","status":"publish","type":"page","link":"https:\/\/www.5aldia.es\/es\/5-al-dia-en-la-escuela\/prepara-la-visita\/","title":{"rendered":"Prepara la visita"},"content":{"rendered":"\t\t<div data-elementor-type=\"wp-page\" data-elementor-id=\"3889\" class=\"elementor elementor-3889 elementor-bc-flex-widget\">\n\t\t\t\t\t\t<div class=\"elementor-inner\">\n\t\t\t\t<div class=\"elementor-section-wrap\">\n\t\t\t\t\t\t\t\t\t<section class=\"elementor-section elementor-top-section elementor-element elementor-element-686e96f elementor-section-boxed elementor-section-height-default elementor-section-height-default\" data-id=\"686e96f\" data-element_type=\"section\">\n\t\t\t\t\t\t<div class=\"elementor-container elementor-column-gap-default\">\n\t\t\t\t\t\t\t<div class=\"elementor-row\">\n\t\t\t\t\t<div class=\"elementor-column elementor-col-100 elementor-top-column elementor-element elementor-element-551cf311\" data-id=\"551cf311\" data-element_type=\"column\">\n\t\t\t<div class=\"elementor-column-wrap elementor-element-populated\">\n\t\t\t\t\t\t\t<div class=\"elementor-widget-wrap\">\n\t\t\t\t\t\t<div class=\"elementor-element elementor-element-13bc5e17 elementor-widget elementor-widget-text-editor\" data-id=\"13bc5e17\" data-element_type=\"widget\" data-widget_type=\"text-editor.default\">\n\t\t\t\t<div class=\"elementor-widget-container\">\n\t\t\t\t\t\t\t\t<div class=\"elementor-text-editor elementor-clearfix\">\n\t\t\t\t<p style=\"text-align: center;\"><span class=\"beautiful-heartbeat font-title-4\">ACCEDED AL MATERIAL PEDAG\u00d3GICO \u00a1Y PREPARAD LA VISITA!<\/span><\/p>\n<p style=\"text-align: center;\">Para preparar la visita, os proponemos esta unidad did\u00e1ctica para que la trabaj\u00e9is en clase. De esta manera, los ni\u00f1os pueden empezar a familiarizarse con los conceptos m\u00e1s relevantes. \u00a1As\u00ed podremos profundizarlos durante vuestra visita!<\/p>\t\t\t\t\t<\/div>\n\t\t\t\t\t\t<\/div>\n\t\t\t\t<\/div>\n\t\t\t\t\t\t<\/div>\n\t\t\t\t\t<\/div>\n\t\t<\/div>\n\t\t\t\t\t\t\t\t<\/div>\n\t\t\t\t\t<\/div>\n\t\t<\/section>\n\t\t\t\t<section class=\"elementor-section elementor-top-section elementor-element elementor-element-123d7f9b triangle-up triangle-up-green-lighter green-lighter-background notebook elementor-section-boxed elementor-section-height-default elementor-section-height-default\" data-id=\"123d7f9b\" data-element_type=\"section\" data-settings=\"{&quot;background_background&quot;:&quot;classic&quot;}\">\n\t\t\t\t\t\t<div class=\"elementor-container elementor-column-gap-default\">\n\t\t\t\t\t\t\t<div class=\"elementor-row\">\n\t\t\t\t\t<div class=\"elementor-column elementor-col-100 elementor-top-column elementor-element elementor-element-41e2b607\" data-id=\"41e2b607\" data-element_type=\"column\">\n\t\t\t<div class=\"elementor-column-wrap elementor-element-populated\">\n\t\t\t\t\t\t\t<div class=\"elementor-widget-wrap\">\n\t\t\t\t\t\t<div class=\"elementor-element elementor-element-27719333 elementor-widget elementor-widget-image\" data-id=\"27719333\" data-element_type=\"widget\" data-widget_type=\"image.default\">\n\t\t\t\t<div class=\"elementor-widget-container\">\n\t\t\t\t\t\t\t\t<div class=\"elementor-image\">\n\t\t\t\t\t\t\t\t\t\t\t\t<img width=\"443\" height=\"538\" src=\"https:\/\/www.5aldia.es\/es\/wp-content\/uploads\/2018\/03\/visita-quadern.png\" class=\"attachment-large size-large wp-image-3891\" alt=\"\" loading=\"lazy\" srcset=\"https:\/\/www.5aldia.es\/es\/wp-content\/uploads\/2018\/03\/visita-quadern.png 443w, https:\/\/www.5aldia.es\/es\/wp-content\/uploads\/2018\/03\/visita-quadern-247x300.png 247w\" sizes=\"(max-width: 443px) 100vw, 443px\" \/>\t\t\t\t\t\t\t\t\t\t\t\t\t\t<\/div>\n\t\t\t\t\t\t<\/div>\n\t\t\t\t<\/div>\n\t\t\t\t<div class=\"elementor-element elementor-element-79b8816b elementor-align-center btn-green-light elementor-widget elementor-widget-button\" data-id=\"79b8816b\" data-element_type=\"widget\" data-widget_type=\"button.default\">\n\t\t\t\t<div class=\"elementor-widget-container\">\n\t\t\t\t\t<div class=\"elementor-button-wrapper\">\n\t\t\t<a href=\"http:\/\/www.5aldia.es\/wp-content\/uploads\/2017\/09\/Unitat-didactica.pdf\" target=\"_blank\" class=\"elementor-button-link elementor-button elementor-size-sm\" role=\"button\">\n\t\t\t\t\t\t<span class=\"elementor-button-content-wrapper\">\n\t\t\t\t\t\t<span class=\"elementor-button-text\">Descargar<\/span>\n\t\t<\/span>\n\t\t\t\t\t<\/a>\n\t\t<\/div>\n\t\t\t\t<\/div>\n\t\t\t\t<\/div>\n\t\t\t\t\t\t<\/div>\n\t\t\t\t\t<\/div>\n\t\t<\/div>\n\t\t\t\t\t\t\t\t<\/div>\n\t\t\t\t\t<\/div>\n\t\t<\/section>\n\t\t\t\t\t\t\t\t\t<\/div>\n\t\t\t<\/div>\n\t\t\t\t\t<\/div>\n\t\t","protected":false},"excerpt":{"rendered":"<p>ACCEDED AL MATERIAL PEDAG\u00d3GICO \u00a1Y PREPARAD LA VISITA! Para preparar la visita, os proponemos esta unidad did\u00e1ctica para que la trabaj\u00e9is en clase. De esta manera, los ni\u00f1os pueden empezar a familiarizarse con los conceptos m\u00e1s relevantes. \u00a1As\u00ed podremos profundizarlos durante vuestra visita! Descargar<\/p>\n","protected":false},"author":1,"featured_media":0,"parent":3886,"menu_order":26,"comment_status":"closed","ping_status":"closed","template":"","meta":[],"acf":[],"_links":{"self":[{"href":"https:\/\/www.5aldia.es\/es\/wp-json\/wp\/v2\/pages\/3889"}],"collection":[{"href":"https:\/\/www.5aldia.es\/es\/wp-json\/wp\/v2\/pages"}],"about":[{"href":"https:\/\/www.5aldia.es\/es\/wp-json\/wp\/v2\/types\/page"}],"author":[{"embeddable":true,"href":"https:\/\/www.5aldia.es\/es\/wp-json\/wp\/v2\/users\/1"}],"replies":[{"embeddable":true,"href":"https:\/\/www.5aldia.es\/es\/wp-json\/wp\/v2\/comments?post=3889"}],"version-history":[{"count":4,"href":"https:\/\/www.5aldia.es\/es\/wp-json\/wp\/v2\/pages\/3889\/revisions"}],"predecessor-version":[{"id":4419,"href":"https:\/\/www.5aldia.es\/es\/wp-json\/wp\/v2\/pages\/3889\/revisions\/4419"}],"up":[{"embeddable":true,"href":"https:\/\/www.5aldia.es\/es\/wp-json\/wp\/v2\/pages\/3886"}],"wp:attachment":[{"href":"https:\/\/www.5aldia.es\/es\/wp-json\/wp\/v2\/media?parent=3889"}],"curies":[{"name":"wp","href":"https:\/\/api.w.org\/{rel}","templated":true}]}}