{"id":3870,"date":"2018-03-07T10:32:34","date_gmt":"2018-03-07T09:32:34","guid":{"rendered":"https:\/\/www.5aldia.es\/es\/?page_id=3870"},"modified":"2018-10-22T10:08:39","modified_gmt":"2018-10-22T08:08:39","slug":"compromiso-saludable","status":"publish","type":"page","link":"https:\/\/www.5aldia.es\/es\/5-al-dia-en-casa\/compromiso-saludable\/","title":{"rendered":"Compromiso saludable"},"content":{"rendered":"\t\t<div data-elementor-type=\"wp-page\" data-elementor-id=\"3870\" class=\"elementor elementor-3870 elementor-bc-flex-widget\">\n\t\t\t\t\t\t<div class=\"elementor-inner\">\n\t\t\t\t<div class=\"elementor-section-wrap\">\n\t\t\t\t\t\t\t\t\t<section class=\"elementor-section elementor-top-section elementor-element elementor-element-41b588 elementor-section-boxed elementor-section-height-default elementor-section-height-default\" data-id=\"41b588\" data-element_type=\"section\">\n\t\t\t\t\t\t<div class=\"elementor-container elementor-column-gap-default\">\n\t\t\t\t\t\t\t<div class=\"elementor-row\">\n\t\t\t\t\t<div class=\"elementor-column elementor-col-100 elementor-top-column elementor-element elementor-element-32311643\" data-id=\"32311643\" data-element_type=\"column\">\n\t\t\t<div class=\"elementor-column-wrap elementor-element-populated\">\n\t\t\t\t\t\t\t<div class=\"elementor-widget-wrap\">\n\t\t\t\t\t\t<div class=\"elementor-element elementor-element-31437508 elementor-widget elementor-widget-text-editor\" data-id=\"31437508\" data-element_type=\"widget\" data-widget_type=\"text-editor.default\">\n\t\t\t\t<div class=\"elementor-widget-container\">\n\t\t\t\t\t\t\t\t<div class=\"elementor-text-editor elementor-clearfix\">\n\t\t\t\t<p style=\"text-align: center;\"><span class=\"beautiful-heartbeat font-title-4\">AHORA QUE YA CONOC\u00c9IS C\u00d3MO TENER UNA VIDA SALUDABLE, OS ANIMAMOS A QUE ASUM\u00c1IS UNOS COMPROMISOS SALUDABLES.<\/span><\/p><p style=\"text-align: center;\">Pod\u00e9is descargar esta plantilla, rellenarla y firmarla todos los miembros de la familia.<br \/> \u00a1Colgadla en la nevera de casa para poder hacer el seguimiento!<\/p>\t\t\t\t\t<\/div>\n\t\t\t\t\t\t<\/div>\n\t\t\t\t<\/div>\n\t\t\t\t<div class=\"elementor-element elementor-element-1a220dfe elementor-widget elementor-widget-image\" data-id=\"1a220dfe\" data-element_type=\"widget\" data-widget_type=\"image.default\">\n\t\t\t\t<div class=\"elementor-widget-container\">\n\t\t\t\t\t\t\t\t<div class=\"elementor-image\">\n\t\t\t\t\t\t\t\t\t\t\t\t<img width=\"597\" height=\"454\" src=\"https:\/\/www.5aldia.es\/es\/wp-content\/uploads\/2018\/03\/es-diploma.png\" class=\"attachment-medium_large size-medium_large wp-image-4222\" alt=\"\" loading=\"lazy\" srcset=\"https:\/\/www.5aldia.es\/es\/wp-content\/uploads\/2018\/03\/es-diploma.png 597w, https:\/\/www.5aldia.es\/es\/wp-content\/uploads\/2018\/03\/es-diploma-300x228.png 300w\" sizes=\"(max-width: 597px) 100vw, 597px\" \/>\t\t\t\t\t\t\t\t\t\t\t\t\t\t<\/div>\n\t\t\t\t\t\t<\/div>\n\t\t\t\t<\/div>\n\t\t\t\t<div class=\"elementor-element elementor-element-4a49b7de elementor-align-center btn-orange elementor-widget elementor-widget-button\" data-id=\"4a49b7de\" data-element_type=\"widget\" data-widget_type=\"button.default\">\n\t\t\t\t<div class=\"elementor-widget-container\">\n\t\t\t\t\t<div class=\"elementor-button-wrapper\">\n\t\t\t<a href=\"https:\/\/www.5aldia.es\/es\/wp-content\/uploads\/sites\/2\/sites\/2\/2018\/03\/Diploma-5aldia.pdf\" target=\"_blank\" class=\"elementor-button-link elementor-button elementor-size-sm\" role=\"button\">\n\t\t\t\t\t\t<span class=\"elementor-button-content-wrapper\">\n\t\t\t\t\t\t<span class=\"elementor-button-text\">Descargar<\/span>\n\t\t<\/span>\n\t\t\t\t\t<\/a>\n\t\t<\/div>\n\t\t\t\t<\/div>\n\t\t\t\t<\/div>\n\t\t\t\t<div class=\"elementor-element elementor-element-77c245b5 elementor-widget elementor-widget-spacer\" data-id=\"77c245b5\" data-element_type=\"widget\" data-widget_type=\"spacer.default\">\n\t\t\t\t<div class=\"elementor-widget-container\">\n\t\t\t\t\t<div class=\"elementor-spacer\">\n\t\t\t<div class=\"elementor-spacer-inner\"><\/div>\n\t\t<\/div>\n\t\t\t\t<\/div>\n\t\t\t\t<\/div>\n\t\t\t\t\t\t<\/div>\n\t\t\t\t\t<\/div>\n\t\t<\/div>\n\t\t\t\t\t\t\t\t<\/div>\n\t\t\t\t\t<\/div>\n\t\t<\/section>\n\t\t\t\t\t\t\t\t\t<\/div>\n\t\t\t<\/div>\n\t\t\t\t\t<\/div>\n\t\t","protected":false},"excerpt":{"rendered":"<p>AHORA QUE YA CONOC\u00c9IS C\u00d3MO TENER UNA VIDA SALUDABLE, OS ANIMAMOS A QUE ASUM\u00c1IS UNOS COMPROMISOS SALUDABLES. Pod\u00e9is descargar esta plantilla, rellenarla y firmarla todos los miembros de la familia. \u00a1Colgadla en la nevera de casa para poder hacer el seguimiento! Descargar<\/p>\n","protected":false},"author":1,"featured_media":0,"parent":3816,"menu_order":22,"comment_status":"closed","ping_status":"closed","template":"","meta":[],"acf":[],"_links":{"self":[{"href":"https:\/\/www.5aldia.es\/es\/wp-json\/wp\/v2\/pages\/3870"}],"collection":[{"href":"https:\/\/www.5aldia.es\/es\/wp-json\/wp\/v2\/pages"}],"about":[{"href":"https:\/\/www.5aldia.es\/es\/wp-json\/wp\/v2\/types\/page"}],"author":[{"embeddable":true,"href":"https:\/\/www.5aldia.es\/es\/wp-json\/wp\/v2\/users\/1"}],"replies":[{"embeddable":true,"href":"https:\/\/www.5aldia.es\/es\/wp-json\/wp\/v2\/comments?post=3870"}],"version-history":[{"count":5,"href":"https:\/\/www.5aldia.es\/es\/wp-json\/wp\/v2\/pages\/3870\/revisions"}],"predecessor-version":[{"id":4418,"href":"https:\/\/www.5aldia.es\/es\/wp-json\/wp\/v2\/pages\/3870\/revisions\/4418"}],"up":[{"embeddable":true,"href":"https:\/\/www.5aldia.es\/es\/wp-json\/wp\/v2\/pages\/3816"}],"wp:attachment":[{"href":"https:\/\/www.5aldia.es\/es\/wp-json\/wp\/v2\/media?parent=3870"}],"curies":[{"name":"wp","href":"https:\/\/api.w.org\/{rel}","templated":true}]}}