{"id":3865,"date":"2018-03-07T09:55:37","date_gmt":"2018-03-07T08:55:37","guid":{"rendered":"https:\/\/www.5aldia.es\/es\/?page_id=3865"},"modified":"2022-06-02T16:40:48","modified_gmt":"2022-06-02T14:40:48","slug":"eres-un-experto-de-5-al-dia","status":"publish","type":"page","link":"https:\/\/www.5aldia.es\/es\/5-al-dia-en-casa\/eres-un-experto-de-5-al-dia\/","title":{"rendered":"\u00bfEres un\/a experto\/a de \u00ab5 al d\u00eda\u00bb?"},"content":{"rendered":"\t\t<div data-elementor-type=\"wp-page\" data-elementor-id=\"3865\" class=\"elementor elementor-3865\">\n\t\t\t\t\t\t<div class=\"elementor-inner\">\n\t\t\t\t<div class=\"elementor-section-wrap\">\n\t\t\t\t\t\t\t\t\t<section class=\"elementor-section elementor-top-section elementor-element elementor-element-75473035 elementor-section-boxed elementor-section-height-default elementor-section-height-default\" data-id=\"75473035\" data-element_type=\"section\" id=\"expert_quiz\">\n\t\t\t\t\t\t<div class=\"elementor-container elementor-column-gap-default\">\n\t\t\t\t\t\t\t<div class=\"elementor-row\">\n\t\t\t\t\t<div class=\"elementor-column elementor-col-100 elementor-top-column elementor-element elementor-element-750a7d8a\" data-id=\"750a7d8a\" data-element_type=\"column\">\n\t\t\t<div class=\"elementor-column-wrap elementor-element-populated\">\n\t\t\t\t\t\t\t<div class=\"elementor-widget-wrap\">\n\t\t\t\t\t\t<div class=\"elementor-element elementor-element-3f66baa2 elementor-widget elementor-widget-text-editor\" data-id=\"3f66baa2\" data-element_type=\"widget\" data-widget_type=\"text-editor.default\">\n\t\t\t\t<div class=\"elementor-widget-container\">\n\t\t\t\t\t\t\t\t<div class=\"elementor-text-editor elementor-clearfix\">\n\t\t\t\t<p style=\"text-align: center;\"><span class=\"beautiful-heartbeat font-title-3 green-dark-color\">DEMUESTRA QUE ERES UN \/ A EXPERTO \/ A DE \u00ab5 AL D\u00cdA\u00bb  <\/span><\/p>\n<p style=\"text-align: center;\">y responde si las afirmaciones siguientes son verdaderas o falsas: <\/p>\t\t\t\t\t<\/div>\n\t\t\t\t\t\t<\/div>\n\t\t\t\t<\/div>\n\t\t\t\t<div class=\"elementor-element elementor-element-3f8e08d9 elementor-widget elementor-widget-shortcode\" data-id=\"3f8e08d9\" data-element_type=\"widget\" id=\"quiz-only-check\" data-widget_type=\"shortcode.default\">\n\t\t\t\t<div class=\"elementor-widget-container\">\n\t\t\t\t\t<div class=\"elementor-shortcode\"><div class=\"wq-quiz-wrapper\" data-id=\"5205\"><style type=\"text\/css\" id=\"wq-trivia-custom-css\">.wq-quiz-wrapper[data-id=\"5205\"] {\n--wq-question-width: 100%;\n--wq-question-color: #009cff;\n--wq-question-height: auto;\n--wq-bar-color: #01836b;\n--wq-font-color: #000000;\n--wq-background-color: #ffffff;\n}\n<\/style><!-- wp quiz -->\n<div id=\"wp-quiz-5205\" class=\"wq_quizCtr multiple trivia_quiz wq-quiz wq-quiz-5205 wq-quiz-trivia wq-layout-multiple wq-skin-flat wq-should-show-correct-answer\" data-quiz-id=\"5205\">\n<!-- Progress bar -->\n<div class=\"wq-progress-bar-container wq_quizProgressBarCtr\">\n\t<div class=\"wq_quizProgressBar\">\n\t\t<span class=\"wq_quizProgressValue\" style=\"width: 0%;\">0%<\/span>\n\t<\/div>\n<\/div>\n<!-- \/\/ Progress bar-->\n<div class=\"wq-questions wq_questionsCtr\">\n\t<div class=\"wq-question wq_singleQuestionWrapper wq-question-iomf0\" data-index=\"0\">\n\n\t\n\t<div class=\"wq_singleQuestionCtr\">\n\t\t<div class=\"wq_questionTextWrapper quiz-pro-clearfix\">\n\t\t\t<div class=\"wq_questionTextCtr\">\n\t\t\t\t<h4>1. No es necesario comer un m\u00ednimo de cinco raciones entre frutas y hortalizas cada d\u00eda para mantener una buena dieta.<\/h4>\n\t\t\t<\/div>\n\t\t<\/div>\n\n\t\t<div class=\"wq_questionMediaCtr\">\n\t\t\t\t\t<\/div>\n\n\t\t<div class=\"wq-question-answers wq_questionAnswersCtr\">\n\t\t\t\n\t\t\t<div class=\"wq-answers wq_answersWrapper\">\n\t\t\t<div class=\"wq-answer wq_singleAnswerCtr\" data-id=\"o9mwy\">\n\t\t\t<label class=\"wq_answerTxtCtr\">Verdadero<\/label>\n\t\t<\/div>\n\t\t\t<div class=\"wq-answer wq_singleAnswerCtr\" data-id=\"vuyg3\">\n\t\t\t<label class=\"wq_answerTxtCtr\">Falso<\/label>\n\t\t<\/div>\n\t<\/div>\n\t\t<\/div>\n\n\t\t\n\t\t<div class=\"wq-trivia-question-explanation wq_triviaQuestionExplanation\">\n\t\t\t<div class=\"wq-explanation-head wq_ExplanationHead\">\n\t\t\t\t<!--<span class=\"wq-explanation-head-correct\">Correct!<\/span>\n\t\t\t\t<span class=\"wq-explanation-head-incorrect\">Wrong!<\/span>-->\n\t\t\t\t<span class=\"wq-explanation-head-correct\">\n\t\t\t\t\t\u00a1Correcto!\t\t\t\t<\/span>\n\t\t\t\t<span class=\"wq-explanation-head-incorrect\">\n\t\t\t\t\u00a1Falso!\t\t\t\t<\/span>\n\t\t\t<\/div>\n\t\t\t<p class=\"wq-explanation-text wq_QuestionExplanationText\">FALSO. Las frutas y las hortalizas son imprescindibles porque aportan nutrientes esenciales y ayudan a prevenir muchas enfermedades. Y cinco raciones es la cantidad m\u00ednima recomendada por m\u00e9dicos y dietistas.<\/p>\n\t\t<\/div>\n\t<\/div>\n\n\t<!--<div class=\"wq_continue\">\n\t<button class=\"wq-continue-btn wq_btn-continue\" type=\"button\">Continue &gt;&gt;<\/button>\n<\/div>-->\n<div class=\"wq_continue\">\n\t<button class=\"wq-continue-btn wq_btn-continue\" type=\"button\">\n\t\t\t\tContinuar<\/button>\n<\/div>\n\n<\/div>\n<div class=\"wq-question wq_singleQuestionWrapper wq-question-z4ur0\" data-index=\"1\">\n\n\t\n\t<div class=\"wq_singleQuestionCtr\">\n\t\t<div class=\"wq_questionTextWrapper quiz-pro-clearfix\">\n\t\t\t<div class=\"wq_questionTextCtr\">\n\t\t\t\t<h4>2. Los alimentos frescos y naturales son los menos saludables.<\/h4>\n\t\t\t<\/div>\n\t\t<\/div>\n\n\t\t<div class=\"wq_questionMediaCtr\">\n\t\t\t\t\t<\/div>\n\n\t\t<div class=\"wq-question-answers wq_questionAnswersCtr\">\n\t\t\t\n\t\t\t<div class=\"wq-answers wq_answersWrapper\">\n\t\t\t<div class=\"wq-answer wq_singleAnswerCtr\" data-id=\"m36b9\">\n\t\t\t<label class=\"wq_answerTxtCtr\">Verdadero<\/label>\n\t\t<\/div>\n\t\t\t<div class=\"wq-answer wq_singleAnswerCtr\" data-id=\"u5w6s\">\n\t\t\t<label class=\"wq_answerTxtCtr\">Falso<\/label>\n\t\t<\/div>\n\t<\/div>\n\t\t<\/div>\n\n\t\t\n\t\t<div class=\"wq-trivia-question-explanation wq_triviaQuestionExplanation\">\n\t\t\t<div class=\"wq-explanation-head wq_ExplanationHead\">\n\t\t\t\t<!--<span class=\"wq-explanation-head-correct\">Correct!<\/span>\n\t\t\t\t<span class=\"wq-explanation-head-incorrect\">Wrong!<\/span>-->\n\t\t\t\t<span class=\"wq-explanation-head-correct\">\n\t\t\t\t\t\u00a1Correcto!\t\t\t\t<\/span>\n\t\t\t\t<span class=\"wq-explanation-head-incorrect\">\n\t\t\t\t\u00a1Falso!\t\t\t\t<\/span>\n\t\t\t<\/div>\n\t\t\t<p class=\"wq-explanation-text wq_QuestionExplanationText\">FALSO. Los alimentos frescos contienen m\u00e1s vitaminas, fibra y minerales de origen natural. Consumir productos frescos nos aporta m\u00e1s energ\u00eda, nos ayuda a preservar nuestro peso ideal e incluso nos permite reducir los efectos del envejecimiento.<\/p>\n\t\t<\/div>\n\t<\/div>\n\n\t<!--<div class=\"wq_continue\">\n\t<button class=\"wq-continue-btn wq_btn-continue\" type=\"button\">Continue &gt;&gt;<\/button>\n<\/div>-->\n<div class=\"wq_continue\">\n\t<button class=\"wq-continue-btn wq_btn-continue\" type=\"button\">\n\t\t\t\tContinuar<\/button>\n<\/div>\n\n<\/div>\n<div class=\"wq-question wq_singleQuestionWrapper wq-question-qt41c\" data-index=\"2\">\n\n\t\n\t<div class=\"wq_singleQuestionCtr\">\n\t\t<div class=\"wq_questionTextWrapper quiz-pro-clearfix\">\n\t\t\t<div class=\"wq_questionTextCtr\">\n\t\t\t\t<h4>3. Los zumos de fruta envasados son tan saludables como los zumos hechos en casa.<\/h4>\n\t\t\t<\/div>\n\t\t<\/div>\n\n\t\t<div class=\"wq_questionMediaCtr\">\n\t\t\t\t\t<\/div>\n\n\t\t<div class=\"wq-question-answers wq_questionAnswersCtr\">\n\t\t\t\n\t\t\t<div class=\"wq-answers wq_answersWrapper\">\n\t\t\t<div class=\"wq-answer wq_singleAnswerCtr\" data-id=\"am2l8\">\n\t\t\t<label class=\"wq_answerTxtCtr\">Verdadero<\/label>\n\t\t<\/div>\n\t\t\t<div class=\"wq-answer wq_singleAnswerCtr\" data-id=\"cxfls\">\n\t\t\t<label class=\"wq_answerTxtCtr\">Falso<\/label>\n\t\t<\/div>\n\t<\/div>\n\t\t<\/div>\n\n\t\t\n\t\t<div class=\"wq-trivia-question-explanation wq_triviaQuestionExplanation\">\n\t\t\t<div class=\"wq-explanation-head wq_ExplanationHead\">\n\t\t\t\t<!--<span class=\"wq-explanation-head-correct\">Correct!<\/span>\n\t\t\t\t<span class=\"wq-explanation-head-incorrect\">Wrong!<\/span>-->\n\t\t\t\t<span class=\"wq-explanation-head-correct\">\n\t\t\t\t\t\u00a1Correcto!\t\t\t\t<\/span>\n\t\t\t\t<span class=\"wq-explanation-head-incorrect\">\n\t\t\t\t\u00a1Falso!\t\t\t\t<\/span>\n\t\t\t<\/div>\n\t\t\t<p class=\"wq-explanation-text wq_QuestionExplanationText\">FALSO. Los zumos de fruta natural conservan todas las propiedades saludables de la fruta. Los zumos envasados no, porque tienen aditivos y az\u00facares a\u00f1adidos.<\/p>\n\t\t<\/div>\n\t<\/div>\n\n\t<!--<div class=\"wq_continue\">\n\t<button class=\"wq-continue-btn wq_btn-continue\" type=\"button\">Continue &gt;&gt;<\/button>\n<\/div>-->\n<div class=\"wq_continue\">\n\t<button class=\"wq-continue-btn wq_btn-continue\" type=\"button\">\n\t\t\t\tContinuar<\/button>\n<\/div>\n\n<\/div>\n<div class=\"wq-question wq_singleQuestionWrapper wq-question-7dueu\" data-index=\"3\">\n\n\t\n\t<div class=\"wq_singleQuestionCtr\">\n\t\t<div class=\"wq_questionTextWrapper quiz-pro-clearfix\">\n\t\t\t<div class=\"wq_questionTextCtr\">\n\t\t\t\t<h4>4. Comer un yogur con sabor a fresa es igual de nutritivo que comer una raci\u00f3n de fresas.<\/h4>\n\t\t\t<\/div>\n\t\t<\/div>\n\n\t\t<div class=\"wq_questionMediaCtr\">\n\t\t\t\t\t<\/div>\n\n\t\t<div class=\"wq-question-answers wq_questionAnswersCtr\">\n\t\t\t\n\t\t\t<div class=\"wq-answers wq_answersWrapper\">\n\t\t\t<div class=\"wq-answer wq_singleAnswerCtr\" data-id=\"iezlv\">\n\t\t\t<label class=\"wq_answerTxtCtr\">Verdadero<\/label>\n\t\t<\/div>\n\t\t\t<div class=\"wq-answer wq_singleAnswerCtr\" data-id=\"tx7lg\">\n\t\t\t<label class=\"wq_answerTxtCtr\">Falso<\/label>\n\t\t<\/div>\n\t<\/div>\n\t\t<\/div>\n\n\t\t\n\t\t<div class=\"wq-trivia-question-explanation wq_triviaQuestionExplanation\">\n\t\t\t<div class=\"wq-explanation-head wq_ExplanationHead\">\n\t\t\t\t<!--<span class=\"wq-explanation-head-correct\">Correct!<\/span>\n\t\t\t\t<span class=\"wq-explanation-head-incorrect\">Wrong!<\/span>-->\n\t\t\t\t<span class=\"wq-explanation-head-correct\">\n\t\t\t\t\t\u00a1Correcto!\t\t\t\t<\/span>\n\t\t\t\t<span class=\"wq-explanation-head-incorrect\">\n\t\t\t\t\u00a1Falso!\t\t\t\t<\/span>\n\t\t\t<\/div>\n\t\t\t<p class=\"wq-explanation-text wq_QuestionExplanationText\">FALSO. Los yogures con sabor de fruta s\u00f3lo contienen una peque\u00f1a parte de las propiedades saludables de la fruta. Por lo tanto, la raci\u00f3n de fresas es m\u00e1s nutritiva.<\/p>\n\t\t<\/div>\n\t<\/div>\n\n\t<!--<div class=\"wq_continue\">\n\t<button class=\"wq-continue-btn wq_btn-continue\" type=\"button\">Continue &gt;&gt;<\/button>\n<\/div>-->\n<div class=\"wq_continue\">\n\t<button class=\"wq-continue-btn wq_btn-continue\" type=\"button\">\n\t\t\t\tContinuar<\/button>\n<\/div>\n\n<\/div>\n<div class=\"wq-question wq_singleQuestionWrapper wq-question-dv1vx\" data-index=\"4\">\n\n\t\n\t<div class=\"wq_singleQuestionCtr\">\n\t\t<div class=\"wq_questionTextWrapper quiz-pro-clearfix\">\n\t\t\t<div class=\"wq_questionTextCtr\">\n\t\t\t\t<h4>5. La mejor forma de comer cada d\u00eda las frutas y hortalizas necesarias es un poco en cada comida.<\/h4>\n\t\t\t<\/div>\n\t\t<\/div>\n\n\t\t<div class=\"wq_questionMediaCtr\">\n\t\t\t\t\t<\/div>\n\n\t\t<div class=\"wq-question-answers wq_questionAnswersCtr\">\n\t\t\t\n\t\t\t<div class=\"wq-answers wq_answersWrapper\">\n\t\t\t<div class=\"wq-answer wq_singleAnswerCtr\" data-id=\"ees9m\">\n\t\t\t<label class=\"wq_answerTxtCtr\">Verdadero<\/label>\n\t\t<\/div>\n\t\t\t<div class=\"wq-answer wq_singleAnswerCtr\" data-id=\"6ptxy\">\n\t\t\t<label class=\"wq_answerTxtCtr\">Falso<\/label>\n\t\t<\/div>\n\t<\/div>\n\t\t<\/div>\n\n\t\t\n\t\t<div class=\"wq-trivia-question-explanation wq_triviaQuestionExplanation\">\n\t\t\t<div class=\"wq-explanation-head wq_ExplanationHead\">\n\t\t\t\t<!--<span class=\"wq-explanation-head-correct\">Correct!<\/span>\n\t\t\t\t<span class=\"wq-explanation-head-incorrect\">Wrong!<\/span>-->\n\t\t\t\t<span class=\"wq-explanation-head-correct\">\n\t\t\t\t\t\u00a1Correcto!\t\t\t\t<\/span>\n\t\t\t\t<span class=\"wq-explanation-head-incorrect\">\n\t\t\t\t\u00a1Falso!\t\t\t\t<\/span>\n\t\t\t<\/div>\n\t\t\t<p class=\"wq-explanation-text wq_QuestionExplanationText\">VERDADERO. Comiendo frutas y hortalizas en cada comida llegaremos f\u00e1cilmente a las cinco raciones diarias. Adem\u00e1s, si las consumimos a menudo, tendremos energ\u00eda todo el d\u00eda y nuestro sistema digestivo saldr\u00e1 beneficiado.<\/p>\n\t\t<\/div>\n\t<\/div>\n\n\t<!--<div class=\"wq_continue\">\n\t<button class=\"wq-continue-btn wq_btn-continue\" type=\"button\">Continue &gt;&gt;<\/button>\n<\/div>-->\n<div class=\"wq_continue\">\n\t<button class=\"wq-continue-btn wq_btn-continue\" type=\"button\">\n\t\t\t\tContinuar<\/button>\n<\/div>\n\n<\/div>\n<div class=\"wq-question wq_singleQuestionWrapper wq-question-6ly99\" data-index=\"5\">\n\n\t\n\t<div class=\"wq_singleQuestionCtr\">\n\t\t<div class=\"wq_questionTextWrapper quiz-pro-clearfix\">\n\t\t\t<div class=\"wq_questionTextCtr\">\n\t\t\t\t<h4>6. Practicar actividad f\u00edsica no es imprescindible para tener una vida saludable, ya que s\u00f3lo es importante tener en cuenta la alimentaci\u00f3n.<\/h4>\n\t\t\t<\/div>\n\t\t<\/div>\n\n\t\t<div class=\"wq_questionMediaCtr\">\n\t\t\t\t\t<\/div>\n\n\t\t<div class=\"wq-question-answers wq_questionAnswersCtr\">\n\t\t\t\n\t\t\t<div class=\"wq-answers wq_answersWrapper\">\n\t\t\t<div class=\"wq-answer wq_singleAnswerCtr\" data-id=\"arjfm\">\n\t\t\t<label class=\"wq_answerTxtCtr\">Verdadero<\/label>\n\t\t<\/div>\n\t\t\t<div class=\"wq-answer wq_singleAnswerCtr\" data-id=\"v5pi3\">\n\t\t\t<label class=\"wq_answerTxtCtr\">Falso<\/label>\n\t\t<\/div>\n\t<\/div>\n\t\t<\/div>\n\n\t\t\n\t\t<div class=\"wq-trivia-question-explanation wq_triviaQuestionExplanation\">\n\t\t\t<div class=\"wq-explanation-head wq_ExplanationHead\">\n\t\t\t\t<!--<span class=\"wq-explanation-head-correct\">Correct!<\/span>\n\t\t\t\t<span class=\"wq-explanation-head-incorrect\">Wrong!<\/span>-->\n\t\t\t\t<span class=\"wq-explanation-head-correct\">\n\t\t\t\t\t\u00a1Correcto!\t\t\t\t<\/span>\n\t\t\t\t<span class=\"wq-explanation-head-incorrect\">\n\t\t\t\t\u00a1Falso!\t\t\t\t<\/span>\n\t\t\t<\/div>\n\t\t\t<p class=\"wq-explanation-text wq_QuestionExplanationText\">FALSO. Ayuda a sentirse mejor, con m\u00e1s energ\u00eda, y a relajarse, reducir el estr\u00e9s, dormir mejor y tonificar los m\u00fasculos. Adem\u00e1s, ayuda a prevenir y tratar el exceso de peso.<\/p>\n\t\t<\/div>\n\t<\/div>\n\n\t<!--<div class=\"wq_continue\">\n\t<button class=\"wq-continue-btn wq_btn-continue\" type=\"button\">Continue &gt;&gt;<\/button>\n<\/div>-->\n<div class=\"wq_continue\">\n\t<button class=\"wq-continue-btn wq_btn-continue\" type=\"button\">\n\t\t\t\tContinuar<\/button>\n<\/div>\n\n<\/div>\n<div class=\"wq-question wq_singleQuestionWrapper wq-question-lnh90\" data-index=\"6\">\n\n\t\n\t<div class=\"wq_singleQuestionCtr\">\n\t\t<div class=\"wq_questionTextWrapper quiz-pro-clearfix\">\n\t\t\t<div class=\"wq_questionTextCtr\">\n\t\t\t\t<h4>7. El desperdicio de alimentos s\u00f3lo se puede reducir en los comercios y los establecimientos de restauraci\u00f3n.<\/h4>\n\t\t\t<\/div>\n\t\t<\/div>\n\n\t\t<div class=\"wq_questionMediaCtr\">\n\t\t\t\t\t<\/div>\n\n\t\t<div class=\"wq-question-answers wq_questionAnswersCtr\">\n\t\t\t\n\t\t\t<div class=\"wq-answers wq_answersWrapper\">\n\t\t\t<div class=\"wq-answer wq_singleAnswerCtr\" data-id=\"h6g8o\">\n\t\t\t<label class=\"wq_answerTxtCtr\">Verdadero<\/label>\n\t\t<\/div>\n\t\t\t<div class=\"wq-answer wq_singleAnswerCtr\" data-id=\"ajxpf\">\n\t\t\t<label class=\"wq_answerTxtCtr\">Falso<\/label>\n\t\t<\/div>\n\t<\/div>\n\t\t<\/div>\n\n\t\t\n\t\t<div class=\"wq-trivia-question-explanation wq_triviaQuestionExplanation\">\n\t\t\t<div class=\"wq-explanation-head wq_ExplanationHead\">\n\t\t\t\t<!--<span class=\"wq-explanation-head-correct\">Correct!<\/span>\n\t\t\t\t<span class=\"wq-explanation-head-incorrect\">Wrong!<\/span>-->\n\t\t\t\t<span class=\"wq-explanation-head-correct\">\n\t\t\t\t\t\u00a1Correcto!\t\t\t\t<\/span>\n\t\t\t\t<span class=\"wq-explanation-head-incorrect\">\n\t\t\t\t\u00a1Falso!\t\t\t\t<\/span>\n\t\t\t<\/div>\n\t\t\t<p class=\"wq-explanation-text wq_QuestionExplanationText\">FALSO. De hecho, el 58% del desperdicio, se produce en los hogares. Por lo tanto, se desperdicia m\u00e1s en el \u00e1mbito dom\u00e9stico que en la restauraci\u00f3n y distribuci\u00f3n de alimentos. Por ello, todos podemos contribuir a reducir el desperdicio.<\/p>\n\t\t<\/div>\n\t<\/div>\n\n\t<!--<div class=\"wq_continue\">\n\t<button class=\"wq-continue-btn wq_btn-continue\" type=\"button\">Continue &gt;&gt;<\/button>\n<\/div>-->\n<div class=\"wq_continue\">\n\t<button class=\"wq-continue-btn wq_btn-continue\" type=\"button\">\n\t\t\t\tContinuar<\/button>\n<\/div>\n\n<\/div>\n<\/div>\n<\/div>\n<!-- \/\/ wp quiz-->\n<\/div><!-- End .wq-quiz-wrapper --><\/div>\n\t\t\t\t<\/div>\n\t\t\t\t<\/div>\n\t\t\t\t<div class=\"elementor-element elementor-element-207c73ba elementor-widget elementor-widget-spacer\" data-id=\"207c73ba\" data-element_type=\"widget\" data-widget_type=\"spacer.default\">\n\t\t\t\t<div class=\"elementor-widget-container\">\n\t\t\t\t\t<div class=\"elementor-spacer\">\n\t\t\t<div class=\"elementor-spacer-inner\"><\/div>\n\t\t<\/div>\n\t\t\t\t<\/div>\n\t\t\t\t<\/div>\n\t\t\t\t\t\t<\/div>\n\t\t\t\t\t<\/div>\n\t\t<\/div>\n\t\t\t\t\t\t\t\t<\/div>\n\t\t\t\t\t<\/div>\n\t\t<\/section>\n\t\t\t\t\t\t\t\t\t<\/div>\n\t\t\t<\/div>\n\t\t\t\t\t<\/div>\n\t\t","protected":false},"excerpt":{"rendered":"<p>DEMUESTRA QUE ERES UN \/ A EXPERTO \/ A DE \u00ab5 AL D\u00cdA\u00bb y responde si las afirmaciones siguientes son verdaderas o falsas:<\/p>\n","protected":false},"author":1,"featured_media":0,"parent":3816,"menu_order":21,"comment_status":"closed","ping_status":"closed","template":"","meta":[],"acf":[],"_links":{"self":[{"href":"https:\/\/www.5aldia.es\/es\/wp-json\/wp\/v2\/pages\/3865"}],"collection":[{"href":"https:\/\/www.5aldia.es\/es\/wp-json\/wp\/v2\/pages"}],"about":[{"href":"https:\/\/www.5aldia.es\/es\/wp-json\/wp\/v2\/types\/page"}],"author":[{"embeddable":true,"href":"https:\/\/www.5aldia.es\/es\/wp-json\/wp\/v2\/users\/1"}],"replies":[{"embeddable":true,"href":"https:\/\/www.5aldia.es\/es\/wp-json\/wp\/v2\/comments?post=3865"}],"version-history":[{"count":8,"href":"https:\/\/www.5aldia.es\/es\/wp-json\/wp\/v2\/pages\/3865\/revisions"}],"predecessor-version":[{"id":5209,"href":"https:\/\/www.5aldia.es\/es\/wp-json\/wp\/v2\/pages\/3865\/revisions\/5209"}],"up":[{"embeddable":true,"href":"https:\/\/www.5aldia.es\/es\/wp-json\/wp\/v2\/pages\/3816"}],"wp:attachment":[{"href":"https:\/\/www.5aldia.es\/es\/wp-json\/wp\/v2\/media?parent=3865"}],"curies":[{"name":"wp","href":"https:\/\/api.w.org\/{rel}","templated":true}]}}