{"id":3844,"date":"2018-03-05T19:07:21","date_gmt":"2018-03-05T18:07:21","guid":{"rendered":"https:\/\/www.5aldia.es\/es\/?page_id=3844"},"modified":"2018-10-22T10:05:11","modified_gmt":"2018-10-22T08:05:11","slug":"cuantos-gramos-son-una-racion","status":"publish","type":"page","link":"https:\/\/www.5aldia.es\/es\/5-al-dia-en-casa\/cuantos-gramos-son-una-racion\/","title":{"rendered":"\u00bfCu\u00e1ntos gramos son una raci\u00f3n?"},"content":{"rendered":"\t\t<div data-elementor-type=\"wp-page\" data-elementor-id=\"3844\" class=\"elementor elementor-3844 elementor-bc-flex-widget\">\n\t\t\t\t\t\t<div class=\"elementor-inner\">\n\t\t\t\t<div class=\"elementor-section-wrap\">\n\t\t\t\t\t\t\t\t\t<section class=\"elementor-section elementor-top-section elementor-element elementor-element-4df0e826 elementor-section-boxed elementor-section-height-default elementor-section-height-default\" data-id=\"4df0e826\" data-element_type=\"section\">\n\t\t\t\t\t\t<div class=\"elementor-container elementor-column-gap-default\">\n\t\t\t\t\t\t\t<div class=\"elementor-row\">\n\t\t\t\t\t<div class=\"elementor-column elementor-col-100 elementor-top-column elementor-element elementor-element-4efc9d6\" data-id=\"4efc9d6\" data-element_type=\"column\">\n\t\t\t<div class=\"elementor-column-wrap elementor-element-populated\">\n\t\t\t\t\t\t\t<div class=\"elementor-widget-wrap\">\n\t\t\t\t\t\t<div class=\"elementor-element elementor-element-1065e49b elementor-widget elementor-widget-text-editor\" data-id=\"1065e49b\" data-element_type=\"widget\" data-widget_type=\"text-editor.default\">\n\t\t\t\t<div class=\"elementor-widget-container\">\n\t\t\t\t\t\t\t\t<div class=\"elementor-text-editor elementor-clearfix\">\n\t\t\t\t<p style=\"text-align: center;\"><span class=\"beautiful-heartbeat font-title-3 orange-color\">LA RACI\u00d3N RECOMENDADA PARA CADA PERSONA DEPENDE DE MUCHOS FACTORES, PERO SE PUEDE ESTABLECER DEPENDIENDO DEL TIPO O GRUPO DE ALIMENTO<\/span><\/p>\t\t\t\t\t<\/div>\n\t\t\t\t\t\t<\/div>\n\t\t\t\t<\/div>\n\t\t\t\t\t\t<\/div>\n\t\t\t\t\t<\/div>\n\t\t<\/div>\n\t\t\t\t\t\t\t\t<\/div>\n\t\t\t\t\t<\/div>\n\t\t<\/section>\n\t\t\t\t<section class=\"elementor-section elementor-top-section elementor-element elementor-element-7c1186fe elementor-section-boxed elementor-section-height-default elementor-section-height-default\" data-id=\"7c1186fe\" data-element_type=\"section\" data-settings=\"{&quot;background_background&quot;:&quot;classic&quot;}\">\n\t\t\t\t\t\t<div class=\"elementor-container elementor-column-gap-default\">\n\t\t\t\t\t\t\t<div class=\"elementor-row\">\n\t\t\t\t\t<div class=\"elementor-column elementor-col-50 elementor-top-column elementor-element elementor-element-526ace24\" data-id=\"526ace24\" data-element_type=\"column\">\n\t\t\t<div class=\"elementor-column-wrap elementor-element-populated\">\n\t\t\t\t\t\t\t<div class=\"elementor-widget-wrap\">\n\t\t\t\t\t\t<div class=\"elementor-element elementor-element-1d8e541c elementor-widget elementor-widget-html\" data-id=\"1d8e541c\" data-element_type=\"widget\" data-widget_type=\"html.default\">\n\t\t\t\t<div class=\"elementor-widget-container\">\n\t\t\t<div class=\"gr--column yellow-light-background\">\n    <p class=\"gr--title beautiful-heartbeat font-title-3\">FRUTAS<\/p>\n    <div class=\"gr--table\" style=\"background-color: #c3f5ce;\">\n        <table>\n            <thead>\n                <tr>\n                    <th class=\"beautiful-heartbeat font-title-3\" colspan=\"2\">C\u00cdTRICOS<\/th>\n                <\/tr>\n            <\/thead>\n            <tbody>\n                <tr>\n                    <td>Pomelo<\/td>\n                    <td rowspan=\"5\">150-200 g<\/td>\n                <\/tr>\n                <tr>\n                    <td>Lima<\/td>\n                <\/tr>\n                <tr>\n                    <td>Lim\u00f3n<\/td>\n                <\/tr>\n                <tr>\n                    <td>Mandarina<\/td>\n                <\/tr>\n                <tr>\n                    <td>Naranja<\/td>\n                <\/tr>\n            <\/tbody>\n        <\/table>\n    <\/div>\n    <div class=\"gr--table\" style=\"background-color: #fcb478;\">\n        <table>\n            <thead>\n                <tr>\n                    <th class=\"beautiful-heartbeat font-title-3\" colspan=\"2\">FRUTAS DE PEPITA<\/th>\n                <\/tr>\n            <\/thead>\n            <tbody>\n                <tr>\n                    <td>Membrillo<\/td>\n                    <td>150-200 g<\/td>\n                <\/tr>\n                <tr>\n                    <td>N\u00edspero<\/td>\n                    <td>2-3 unidades<\/td>\n                <\/tr>\n                <tr>\n                    <td>Pera<\/td>\n                    <td>150-200 g<\/td>\n                <\/tr>\n                <tr>\n                    <td>Manzana<\/td>\n                    <td>150-200 g<\/td>\n                <\/tr>\n            <\/tbody>\n        <\/table>\n    <\/div>\n    <div class=\"gr--table\" style=\"background-color: #d7e5a6;\">\n        <table>\n            <thead>\n                <tr>\n                    <th class=\"beautiful-heartbeat font-title-3\" colspan=\"2\">FRUTA TROPICAL<\/th>\n                <\/tr>\n            <\/thead>\n            <tbody>\n                <tr>\n                    <td>Aguacate<\/td>\n                    <td>150-200 g<\/td>\n                <\/tr>\n                <tr>\n                    <td>Kiwi<\/td>\n                    <td>150 g<\/td>\n                <\/tr>\n                <tr>\n                    <td>Lichi<\/td>\n                    <td>150 g<\/td>\n                <\/tr>\n                <tr>\n                    <td>Mango<\/td>\n                    <td>1\/2-1 unitat<\/td>\n                <\/tr>\n                <tr>\n                    <td>Papaya<\/td>\n                    <td>150-200 g<\/td>\n                <\/tr>\n                <tr>\n                    <td>Pi\u00f1a<\/td>\n                    <td>150-200 g <b>(2 rodajas)<\/b>\n                    <\/td>\n                <\/tr>\n                <tr>\n                    <td>Pl\u00e1tano<\/td>\n                    <td>150 g <b>(1 pieza)<\/b>\n                    <\/td>\n                <\/tr>\n                <tr>\n                    <td>Xirimoia<\/td>\n                    <td>120-150 g<\/td>\n                <\/tr>\n            <\/tbody>\n        <\/table>\n    <\/div>\n<\/div>\t\t<\/div>\n\t\t\t\t<\/div>\n\t\t\t\t\t\t<\/div>\n\t\t\t\t\t<\/div>\n\t\t<\/div>\n\t\t\t\t<div class=\"elementor-column elementor-col-50 elementor-top-column elementor-element elementor-element-6c34b9a5\" data-id=\"6c34b9a5\" data-element_type=\"column\">\n\t\t\t<div class=\"elementor-column-wrap elementor-element-populated\">\n\t\t\t\t\t\t\t<div class=\"elementor-widget-wrap\">\n\t\t\t\t\t\t<div class=\"elementor-element elementor-element-14679f5a elementor-widget elementor-widget-html\" data-id=\"14679f5a\" data-element_type=\"widget\" data-widget_type=\"html.default\">\n\t\t\t\t<div class=\"elementor-widget-container\">\n\t\t\t<div class=\"gr--column yellow-light-background\">\n<p class=\"gr--title beautiful-heartbeat font-title-3\">HORTALIZAS<\/p>\n<div class=\"gr--table\" style=\"background-color: #80b38f;\">\n<table>\n<thead>\n<tr>\n<th class=\"beautiful-heartbeat font-title-3\" colspan=\"2\">TUB\u00c9RCULOS<\/th>\n<\/tr>\n<\/thead>\n<tbody>\n<tr>\n<td>Batata<\/td>\n<td rowspan=\"2\">180-200 g <b>(1 pieza)<\/b><\/td>\n<\/tr>\n<tr>\n<td>Patata<\/td>\n<\/tr>\n<\/tbody>\n<\/table>\n<\/div>\n<div class=\"gr--table\" style=\"background-color: #8d6a8d;\">\n<table>\n<thead>\n<tr>\n<th class=\"beautiful-heartbeat font-title-3\" colspan=\"2\">HORTALIZAS DE RA\u00cdZ<\/th>\n<\/tr>\n<\/thead>\n<tbody>\n<tr>\n<td>Nabo<\/td>\n<td>1-2 unidades<\/td>\n<\/tr>\n<tr>\n<td>Zanahoria<\/td>\n<td>1 pieza grande<\/td>\n<\/tr>\n<tr>\n<td>R\u00e1bano<\/td>\n<td>250 g<\/td>\n<\/tr>\n<tr>\n<td>Remolacha<\/td>\n<td>150 g <b>(1 unidad)<\/b><\/td>\n<\/tr>\n<tr>\n<td>Chirivia<\/td>\n<td>1-2 unidades<\/td>\n<\/tr>\n<\/tbody>\n<\/table>\n<\/div>\n<div class=\"gr--table\" style=\"background-color: #888fb0;\">\n<table>\n<thead>\n<tr>\n<th class=\"beautiful-heartbeat font-title-3\" colspan=\"2\">HORTALIZAS DE BULBO<\/th>\n<\/tr>\n<\/thead>\n<tbody>\n<tr>\n<td>Cal\u00e7ot<\/td>\n<td>250 g <b>(10-15 unidades)<\/b><\/td>\n<\/tr>\n<tr>\n<td>Cebolla<\/td>\n<td>1000-150 g<\/td>\n<\/tr>\n<tr>\n<td>Puerro<\/td>\n<td>250 g<\/td>\n<\/tr>\n<\/tbody>\n<\/table>\n<\/div>\n<div class=\"gr--table\" style=\"background-color: #c3f5ce;\">\n<table>\n<thead>\n<tr>\n<th class=\"beautiful-heartbeat font-title-3\" colspan=\"2\">HORTALIZAS DE TALLO<\/th>\n<\/tr>\n<\/thead>\n<tbody>\n<tr>\n<td>Endivia<\/td>\n<td>2 unidades<\/td>\n<\/tr>\n<tr>\n<td>Esp\u00e1rrago blanco<\/td>\n<td>200-250 g<\/td>\n<\/tr>\n<tr>\n<td>Esp\u00e1rrago verde<\/td>\n<td>200-250 g<\/td>\n<\/tr>\n<\/tbody>\n<\/table>\n<\/div>\n<\/div>\t\t<\/div>\n\t\t\t\t<\/div>\n\t\t\t\t\t\t<\/div>\n\t\t\t\t\t<\/div>\n\t\t<\/div>\n\t\t\t\t\t\t\t\t<\/div>\n\t\t\t\t\t<\/div>\n\t\t<\/section>\n\t\t\t\t<section class=\"elementor-section elementor-top-section elementor-element elementor-element-536b216d elementor-section-boxed elementor-section-height-default elementor-section-height-default\" data-id=\"536b216d\" data-element_type=\"section\">\n\t\t\t\t\t\t<div class=\"elementor-container elementor-column-gap-default\">\n\t\t\t\t\t\t\t<div class=\"elementor-row\">\n\t\t\t\t\t<div class=\"elementor-column elementor-col-100 elementor-top-column elementor-element elementor-element-7824890f\" data-id=\"7824890f\" data-element_type=\"column\">\n\t\t\t<div class=\"elementor-column-wrap elementor-element-populated\">\n\t\t\t\t\t\t\t<div class=\"elementor-widget-wrap\">\n\t\t\t\t\t\t<div class=\"elementor-element elementor-element-307723be elementor-widget elementor-widget-spacer\" data-id=\"307723be\" data-element_type=\"widget\" data-widget_type=\"spacer.default\">\n\t\t\t\t<div class=\"elementor-widget-container\">\n\t\t\t\t\t<div class=\"elementor-spacer\">\n\t\t\t<div class=\"elementor-spacer-inner\"><\/div>\n\t\t<\/div>\n\t\t\t\t<\/div>\n\t\t\t\t<\/div>\n\t\t\t\t\t\t<\/div>\n\t\t\t\t\t<\/div>\n\t\t<\/div>\n\t\t\t\t\t\t\t\t<\/div>\n\t\t\t\t\t<\/div>\n\t\t<\/section>\n\t\t\t\t\t\t\t\t\t<\/div>\n\t\t\t<\/div>\n\t\t\t\t\t<\/div>\n\t\t","protected":false},"excerpt":{"rendered":"<p>LA RACI\u00d3N RECOMENDADA PARA CADA PERSONA DEPENDE DE MUCHOS FACTORES, PERO SE PUEDE ESTABLECER DEPENDIENDO DEL TIPO O GRUPO DE ALIMENTO FRUTAS C\u00cdTRICOS Pomelo 150-200 g Lima Lim\u00f3n Mandarina Naranja FRUTAS DE PEPITA Membrillo 150-200 g N\u00edspero 2-3 unidades Pera 150-200 g Manzana 150-200 g FRUTA TROPICAL Aguacate 150-200 g Kiwi 150 g Lichi 150 &hellip; <a href=\"https:\/\/www.5aldia.es\/es\/5-al-dia-en-casa\/cuantos-gramos-son-una-racion\/\">Continuar<\/a><\/p>\n","protected":false},"author":1,"featured_media":0,"parent":3816,"menu_order":20,"comment_status":"closed","ping_status":"closed","template":"","meta":[],"acf":[],"_links":{"self":[{"href":"https:\/\/www.5aldia.es\/es\/wp-json\/wp\/v2\/pages\/3844"}],"collection":[{"href":"https:\/\/www.5aldia.es\/es\/wp-json\/wp\/v2\/pages"}],"about":[{"href":"https:\/\/www.5aldia.es\/es\/wp-json\/wp\/v2\/types\/page"}],"author":[{"embeddable":true,"href":"https:\/\/www.5aldia.es\/es\/wp-json\/wp\/v2\/users\/1"}],"replies":[{"embeddable":true,"href":"https:\/\/www.5aldia.es\/es\/wp-json\/wp\/v2\/comments?post=3844"}],"version-history":[{"count":5,"href":"https:\/\/www.5aldia.es\/es\/wp-json\/wp\/v2\/pages\/3844\/revisions"}],"predecessor-version":[{"id":4414,"href":"https:\/\/www.5aldia.es\/es\/wp-json\/wp\/v2\/pages\/3844\/revisions\/4414"}],"up":[{"embeddable":true,"href":"https:\/\/www.5aldia.es\/es\/wp-json\/wp\/v2\/pages\/3816"}],"wp:attachment":[{"href":"https:\/\/www.5aldia.es\/es\/wp-json\/wp\/v2\/media?parent=3844"}],"curies":[{"name":"wp","href":"https:\/\/api.w.org\/{rel}","templated":true}]}}