{"id":3818,"date":"2018-03-05T18:07:03","date_gmt":"2018-03-05T17:07:03","guid":{"rendered":"https:\/\/www.5aldia.es\/es\/?page_id=3818"},"modified":"2024-09-30T13:05:35","modified_gmt":"2024-09-30T11:05:35","slug":"los-superpoderes-de-las-frutas-y-hortalizas","status":"publish","type":"page","link":"https:\/\/www.5aldia.es\/es\/5-al-dia-en-casa\/los-superpoderes-de-las-frutas-y-hortalizas\/","title":{"rendered":"Los superpoderes de las frutas y hortalizas"},"content":{"rendered":"\t\t<div data-elementor-type=\"wp-page\" data-elementor-id=\"3818\" class=\"elementor elementor-3818\">\n\t\t\t\t\t\t<div class=\"elementor-inner\">\n\t\t\t\t<div class=\"elementor-section-wrap\">\n\t\t\t\t\t\t\t\t\t<section class=\"elementor-section elementor-top-section elementor-element elementor-element-2326d64f elementor-section-boxed elementor-section-height-default elementor-section-height-default\" data-id=\"2326d64f\" data-element_type=\"section\">\n\t\t\t\t\t\t<div class=\"elementor-container elementor-column-gap-default\">\n\t\t\t\t\t\t\t<div class=\"elementor-row\">\n\t\t\t\t\t<div class=\"elementor-column elementor-col-100 elementor-top-column elementor-element elementor-element-10c238b7\" data-id=\"10c238b7\" data-element_type=\"column\">\n\t\t\t<div class=\"elementor-column-wrap elementor-element-populated\">\n\t\t\t\t\t\t\t<div class=\"elementor-widget-wrap\">\n\t\t\t\t\t\t<section class=\"elementor-section elementor-inner-section elementor-element elementor-element-7958ca59 elementor-section-boxed elementor-section-height-default elementor-section-height-default\" data-id=\"7958ca59\" data-element_type=\"section\">\n\t\t\t\t\t\t<div class=\"elementor-container elementor-column-gap-default\">\n\t\t\t\t\t\t\t<div class=\"elementor-row\">\n\t\t\t\t\t<div class=\"elementor-column elementor-col-50 elementor-inner-column elementor-element elementor-element-5d336fc1\" data-id=\"5d336fc1\" data-element_type=\"column\">\n\t\t\t<div class=\"elementor-column-wrap elementor-element-populated\">\n\t\t\t\t\t\t\t<div class=\"elementor-widget-wrap\">\n\t\t\t\t\t\t<div class=\"elementor-element elementor-element-6f00e40b image-contain elementor-widget elementor-widget-image\" data-id=\"6f00e40b\" data-element_type=\"widget\" data-widget_type=\"image.default\">\n\t\t\t\t<div class=\"elementor-widget-container\">\n\t\t\t\t\t\t\t\t<div class=\"elementor-image\">\n\t\t\t\t\t\t\t\t\t\t\t\t\t<a href=\"\/es\/5-al-dia-en-casa\/los-superpoderes-de-las-frutas-y-hortalizas\/calendario-de-temporada\/\">\n\t\t\t\t\t\t\t<img width=\"300\" height=\"300\" src=\"https:\/\/www.5aldia.es\/es\/wp-content\/uploads\/2018\/03\/es-calendariosuperpoders.png\" class=\"attachment-full size-full wp-image-4226\" alt=\"\" loading=\"lazy\" srcset=\"https:\/\/www.5aldia.es\/es\/wp-content\/uploads\/2018\/03\/es-calendariosuperpoders.png 300w, https:\/\/www.5aldia.es\/es\/wp-content\/uploads\/2018\/03\/es-calendariosuperpoders-150x150.png 150w\" sizes=\"(max-width: 300px) 100vw, 300px\" \/>\t\t\t\t\t\t\t\t<\/a>\n\t\t\t\t\t\t\t\t\t\t\t\t\t\t<\/div>\n\t\t\t\t\t\t<\/div>\n\t\t\t\t<\/div>\n\t\t\t\t<div class=\"elementor-element elementor-element-23420f66 beautiful-heartbeat font-title-4 elementor-widget elementor-widget-heading\" data-id=\"23420f66\" data-element_type=\"widget\" data-widget_type=\"heading.default\">\n\t\t\t\t<div class=\"elementor-widget-container\">\n\t\t\t<span class=\"elementor-heading-title elementor-size-default\"><a href=\"\/es\/5-al-dia-en-casa\/los-superpoderes-de-las-frutas-y-hortalizas\/calendario-de-temporada\/\">CALENDARIO DE TEMPORADA<\/a><\/span>\t\t<\/div>\n\t\t\t\t<\/div>\n\t\t\t\t<div class=\"elementor-element elementor-element-27debd15 elementor-widget elementor-widget-text-editor\" data-id=\"27debd15\" data-element_type=\"widget\" data-widget_type=\"text-editor.default\">\n\t\t\t\t<div class=\"elementor-widget-container\">\n\t\t\t\t\t\t\t\t<div class=\"elementor-text-editor elementor-clearfix\">\n\t\t\t\t<p style=\"text-align: center;\">Descubre cuales son las frutas y hortalizas de temporada en primavera, verano, oto\u00f1o e invierno. As\u00ed podr\u00e1s escoger los mejores productos frescos en el mercado durante todo el a\u00f1o.<\/p>\t\t\t\t\t<\/div>\n\t\t\t\t\t\t<\/div>\n\t\t\t\t<\/div>\n\t\t\t\t<div class=\"elementor-element elementor-element-6bc21f56 elementor-align-center btn-green-light elementor-widget elementor-widget-button\" data-id=\"6bc21f56\" data-element_type=\"widget\" data-widget_type=\"button.default\">\n\t\t\t\t<div class=\"elementor-widget-container\">\n\t\t\t\t\t<div class=\"elementor-button-wrapper\">\n\t\t\t<a href=\"\/es\/5-al-dia-en-casa\/los-superpoderes-de-las-frutas-y-hortalizas\/calendario-de-temporada\/\" class=\"elementor-button-link elementor-button elementor-size-sm\" role=\"button\">\n\t\t\t\t\t\t<span class=\"elementor-button-content-wrapper\">\n\t\t\t\t\t\t<span class=\"elementor-button-text\">Ver calendario<\/span>\n\t\t<\/span>\n\t\t\t\t\t<\/a>\n\t\t<\/div>\n\t\t\t\t<\/div>\n\t\t\t\t<\/div>\n\t\t\t\t\t\t<\/div>\n\t\t\t\t\t<\/div>\n\t\t<\/div>\n\t\t\t\t<div class=\"elementor-column elementor-col-50 elementor-inner-column elementor-element elementor-element-24900b82\" data-id=\"24900b82\" data-element_type=\"column\">\n\t\t\t<div class=\"elementor-column-wrap elementor-element-populated\">\n\t\t\t\t\t\t\t<div class=\"elementor-widget-wrap\">\n\t\t\t\t\t\t<div class=\"elementor-element elementor-element-748cfc7a image-contain elementor-widget elementor-widget-image\" data-id=\"748cfc7a\" data-element_type=\"widget\" data-widget_type=\"image.default\">\n\t\t\t\t<div class=\"elementor-widget-container\">\n\t\t\t\t\t\t\t\t<div class=\"elementor-image\">\n\t\t\t\t\t\t\t\t\t\t\t\t\t<a href=\"\/es\/5-al-dia-en-casa\/los-superpoderes-de-las-frutas-y-hortalizas\/cuadro-de-familias\/\">\n\t\t\t\t\t\t\t<img width=\"300\" height=\"300\" src=\"https:\/\/www.5aldia.es\/es\/wp-content\/uploads\/2018\/03\/familias-1.png\" class=\"attachment-full size-full wp-image-3821\" alt=\"\" loading=\"lazy\" srcset=\"https:\/\/www.5aldia.es\/es\/wp-content\/uploads\/2018\/03\/familias-1.png 300w, https:\/\/www.5aldia.es\/es\/wp-content\/uploads\/2018\/03\/familias-1-150x150.png 150w\" sizes=\"(max-width: 300px) 100vw, 300px\" \/>\t\t\t\t\t\t\t\t<\/a>\n\t\t\t\t\t\t\t\t\t\t\t\t\t\t<\/div>\n\t\t\t\t\t\t<\/div>\n\t\t\t\t<\/div>\n\t\t\t\t<div class=\"elementor-element elementor-element-205e0612 beautiful-heartbeat font-title-4 elementor-widget elementor-widget-heading\" data-id=\"205e0612\" data-element_type=\"widget\" data-widget_type=\"heading.default\">\n\t\t\t\t<div class=\"elementor-widget-container\">\n\t\t\t<span class=\"elementor-heading-title elementor-size-default\"><a href=\"\/es\/5-al-dia-en-casa\/los-superpoderes-de-las-frutas-y-hortalizas\/cuadro-de-familias\/\">CUADRO DE FAMILIAS<\/a><\/span>\t\t<\/div>\n\t\t\t\t<\/div>\n\t\t\t\t<div class=\"elementor-element elementor-element-55c1bde elementor-widget elementor-widget-text-editor\" data-id=\"55c1bde\" data-element_type=\"widget\" data-widget_type=\"text-editor.default\">\n\t\t\t\t<div class=\"elementor-widget-container\">\n\t\t\t\t\t\t\t\t<div class=\"elementor-text-editor elementor-clearfix\">\n\t\t\t\t<p style=\"text-align: center;\">\u00bfSabes que las frutas y hortalizas se organizan en familias? Fruta de semilla o de hueso, hortalizas de ra\u00edz o de hoja&#8230;\u00a1 Aqu\u00ed las podr\u00e1s conocer todas!<\/p>\t\t\t\t\t<\/div>\n\t\t\t\t\t\t<\/div>\n\t\t\t\t<\/div>\n\t\t\t\t<div class=\"elementor-element elementor-element-2b5686a5 elementor-align-center btn-green-light elementor-widget elementor-widget-button\" data-id=\"2b5686a5\" data-element_type=\"widget\" data-widget_type=\"button.default\">\n\t\t\t\t<div class=\"elementor-widget-container\">\n\t\t\t\t\t<div class=\"elementor-button-wrapper\">\n\t\t\t<a href=\"\/es\/5-al-dia-en-casa\/los-superpoderes-de-las-frutas-y-hortalizas\/cuadro-de-familias\/\" class=\"elementor-button-link elementor-button elementor-size-sm\" role=\"button\">\n\t\t\t\t\t\t<span class=\"elementor-button-content-wrapper\">\n\t\t\t\t\t\t<span class=\"elementor-button-text\">\u00a1Desc\u00fabrelas!<\/span>\n\t\t<\/span>\n\t\t\t\t\t<\/a>\n\t\t<\/div>\n\t\t\t\t<\/div>\n\t\t\t\t<\/div>\n\t\t\t\t\t\t<\/div>\n\t\t\t\t\t<\/div>\n\t\t<\/div>\n\t\t\t\t\t\t\t\t<\/div>\n\t\t\t\t\t<\/div>\n\t\t<\/section>\n\t\t\t\t<div class=\"elementor-element elementor-element-395f37cf elementor-widget elementor-widget-spacer\" data-id=\"395f37cf\" data-element_type=\"widget\" data-widget_type=\"spacer.default\">\n\t\t\t\t<div class=\"elementor-widget-container\">\n\t\t\t\t\t<div class=\"elementor-spacer\">\n\t\t\t<div class=\"elementor-spacer-inner\"><\/div>\n\t\t<\/div>\n\t\t\t\t<\/div>\n\t\t\t\t<\/div>\n\t\t\t\t<div class=\"elementor-element elementor-element-34d36c3e elementor-widget elementor-widget-shortcode\" data-id=\"34d36c3e\" data-element_type=\"widget\" data-widget_type=\"shortcode.default\">\n\t\t\t\t<div class=\"elementor-widget-container\">\n\t\t\t\t\t<div class=\"elementor-shortcode\"><div class=\"row\" id=\"widgets\"><section id=\"widget-abc\"><div class=\"title\">b\u00fasqueda por letra<\/div><a href=\"https:\/\/www.5aldia.es\/es?post_type=alimentos&s=A\">A<\/a><a href=\"https:\/\/www.5aldia.es\/es?post_type=alimentos&s=B\">B<\/a><a href=\"https:\/\/www.5aldia.es\/es?post_type=alimentos&s=C\">C<\/a><a href=\"https:\/\/www.5aldia.es\/es?post_type=alimentos&s=D\">D<\/a><a href=\"https:\/\/www.5aldia.es\/es?post_type=alimentos&s=E\">E<\/a><a href=\"https:\/\/www.5aldia.es\/es?post_type=alimentos&s=F\">F<\/a><a href=\"https:\/\/www.5aldia.es\/es?post_type=alimentos&s=G\">G<\/a><a href=\"https:\/\/www.5aldia.es\/es?post_type=alimentos&s=H\">H<\/a><a href=\"https:\/\/www.5aldia.es\/es?post_type=alimentos&s=J\">J<\/a><a href=\"https:\/\/www.5aldia.es\/es?post_type=alimentos&s=K\">K<\/a><a href=\"https:\/\/www.5aldia.es\/es?post_type=alimentos&s=L\">L<\/a><a href=\"https:\/\/www.5aldia.es\/es?post_type=alimentos&s=M\">M<\/a><a href=\"https:\/\/www.5aldia.es\/es?post_type=alimentos&s=N\">N<\/a><a href=\"https:\/\/www.5aldia.es\/es?post_type=alimentos&s=O\">O<\/a><a href=\"https:\/\/www.5aldia.es\/es?post_type=alimentos&s=P\">P<\/a><a href=\"https:\/\/www.5aldia.es\/es?post_type=alimentos&s=R\">R<\/a><a href=\"https:\/\/www.5aldia.es\/es?post_type=alimentos&s=S\">S<\/a><a href=\"https:\/\/www.5aldia.es\/es?post_type=alimentos&s=T\">T<\/a><a href=\"https:\/\/www.5aldia.es\/es?post_type=alimentos&s=U\">U<\/a><a href=\"https:\/\/www.5aldia.es\/es?post_type=alimentos&s=Y\">Y<\/a><a href=\"https:\/\/www.5aldia.es\/es?post_type=alimentos&s=Z\">Z<\/a><\/section><section id=\"widget-search\"><div class=\"title\">o busca por el nombre del alimento<\/div><form action=\"https:\/\/www.5aldia.es\/es\/\" id=\"alimentossearchform\" method=\"get\"><input type=\"text\" name=\"s\" placeholder=\"Buscar\" value=\"\" \/><input type=\"hidden\" name=\"post_type\" value=\"alimentos\" \/><input type=\"submit\" class=\"fa\" id=\"searchsubmit\" value=\"&#xf002;\" \/><\/form><\/section><\/div><\/div>\n\t\t\t\t<\/div>\n\t\t\t\t<\/div>\n\t\t\t\t\t\t<\/div>\n\t\t\t\t\t<\/div>\n\t\t<\/div>\n\t\t\t\t\t\t\t\t<\/div>\n\t\t\t\t\t<\/div>\n\t\t<\/section>\n\t\t\t\t\t\t\t\t\t<\/div>\n\t\t\t<\/div>\n\t\t\t\t\t<\/div>\n\t\t","protected":false},"excerpt":{"rendered":"<p>CALENDARIO DE TEMPORADA Descubre cuales son las frutas y hortalizas de temporada en primavera, verano, oto\u00f1o e invierno. As\u00ed podr\u00e1s escoger los mejores productos frescos en el mercado durante todo el a\u00f1o. Ver calendario CUADRO DE FAMILIAS \u00bfSabes que las frutas y hortalizas se organizan en familias? Fruta de semilla o de hueso, hortalizas de &hellip; <a href=\"https:\/\/www.5aldia.es\/es\/5-al-dia-en-casa\/los-superpoderes-de-las-frutas-y-hortalizas\/\">Continuar<\/a><\/p>\n","protected":false},"author":1,"featured_media":0,"parent":3816,"menu_order":17,"comment_status":"closed","ping_status":"closed","template":"","meta":[],"acf":[],"_links":{"self":[{"href":"https:\/\/www.5aldia.es\/es\/wp-json\/wp\/v2\/pages\/3818"}],"collection":[{"href":"https:\/\/www.5aldia.es\/es\/wp-json\/wp\/v2\/pages"}],"about":[{"href":"https:\/\/www.5aldia.es\/es\/wp-json\/wp\/v2\/types\/page"}],"author":[{"embeddable":true,"href":"https:\/\/www.5aldia.es\/es\/wp-json\/wp\/v2\/users\/1"}],"replies":[{"embeddable":true,"href":"https:\/\/www.5aldia.es\/es\/wp-json\/wp\/v2\/comments?post=3818"}],"version-history":[{"count":8,"href":"https:\/\/www.5aldia.es\/es\/wp-json\/wp\/v2\/pages\/3818\/revisions"}],"predecessor-version":[{"id":5307,"href":"https:\/\/www.5aldia.es\/es\/wp-json\/wp\/v2\/pages\/3818\/revisions\/5307"}],"up":[{"embeddable":true,"href":"https:\/\/www.5aldia.es\/es\/wp-json\/wp\/v2\/pages\/3816"}],"wp:attachment":[{"href":"https:\/\/www.5aldia.es\/es\/wp-json\/wp\/v2\/media?parent=3818"}],"curies":[{"name":"wp","href":"https:\/\/api.w.org\/{rel}","templated":true}]}}