{"id":3808,"date":"2018-03-05T18:01:26","date_gmt":"2018-03-05T17:01:26","guid":{"rendered":"https:\/\/www.5aldia.es\/es\/?page_id=3808"},"modified":"2021-09-07T13:06:17","modified_gmt":"2021-09-07T11:06:17","slug":"materiales-de-la-camapana","status":"publish","type":"page","link":"https:\/\/www.5aldia.es\/es\/la-campana\/materiales-de-la-camapana\/","title":{"rendered":"Materiales de la campa\u00f1a"},"content":{"rendered":"\t\t<div data-elementor-type=\"wp-page\" data-elementor-id=\"3808\" class=\"elementor elementor-3808\">\n\t\t\t\t\t\t<div class=\"elementor-inner\">\n\t\t\t\t<div class=\"elementor-section-wrap\">\n\t\t\t\t\t\t\t\t\t<section class=\"elementor-section elementor-top-section elementor-element elementor-element-7b2a8d86 elementor-section-boxed elementor-section-height-default elementor-section-height-default\" data-id=\"7b2a8d86\" data-element_type=\"section\">\n\t\t\t\t\t\t<div class=\"elementor-container elementor-column-gap-default\">\n\t\t\t\t\t\t\t<div class=\"elementor-row\">\n\t\t\t\t\t<div class=\"elementor-column elementor-col-100 elementor-top-column elementor-element elementor-element-55cd6bf\" data-id=\"55cd6bf\" data-element_type=\"column\">\n\t\t\t<div class=\"elementor-column-wrap elementor-element-populated\">\n\t\t\t\t\t\t\t<div class=\"elementor-widget-wrap\">\n\t\t\t\t\t\t<div class=\"elementor-element elementor-element-69767ca8 elementor-widget elementor-widget-text-editor\" data-id=\"69767ca8\" data-element_type=\"widget\" data-widget_type=\"text-editor.default\">\n\t\t\t\t<div class=\"elementor-widget-container\">\n\t\t\t\t\t\t\t\t<div class=\"elementor-text-editor elementor-clearfix\">\n\t\t\t\t<p style=\"text-align: center;\"><span class=\"beautiful-heartbeat font-title-3\">EN ESTE APARTADO PUEDES DESCARGAR TODOS LOS MATERIALES DE LA<br \/> CAMPA\u00d1A \u201c5 AL D\u00cdA\u201d<\/span><\/p><p style=\"text-align: center;\">Todos estos materiales han sido supervisados por t\u00e9cnicos de los departamentos de Educaci\u00f3n, de Salud, y de Agricultura, Ganader\u00eda, Pesca, Alimentaci\u00f3n y Medio Natural de la Generalitat de Catalu\u00f1a.<\/p>\t\t\t\t\t<\/div>\n\t\t\t\t\t\t<\/div>\n\t\t\t\t<\/div>\n\t\t\t\t<section class=\"elementor-section elementor-inner-section elementor-element elementor-element-1b306322 elementor-section-boxed elementor-section-height-default elementor-section-height-default\" data-id=\"1b306322\" data-element_type=\"section\">\n\t\t\t\t\t\t<div class=\"elementor-container elementor-column-gap-default\">\n\t\t\t\t\t\t\t<div class=\"elementor-row\">\n\t\t\t\t\t<div class=\"elementor-column elementor-col-50 elementor-inner-column elementor-element elementor-element-73ca0d0e\" data-id=\"73ca0d0e\" data-element_type=\"column\">\n\t\t\t<div class=\"elementor-column-wrap elementor-element-populated\">\n\t\t\t\t\t\t\t<div class=\"elementor-widget-wrap\">\n\t\t\t\t\t\t<div class=\"elementor-element elementor-element-2ddeb237 elementor-widget elementor-widget-image\" data-id=\"2ddeb237\" data-element_type=\"widget\" data-widget_type=\"image.default\">\n\t\t\t\t<div class=\"elementor-widget-container\">\n\t\t\t\t\t\t\t\t<div class=\"elementor-image\">\n\t\t\t\t\t\t\t\t\t\t\t\t<img width=\"379\" height=\"524\" src=\"https:\/\/www.5aldia.es\/es\/wp-content\/uploads\/2018\/03\/materials-quadern-alimentacio-sana.png\" class=\"attachment-medium_large size-medium_large wp-image-3809\" alt=\"\" loading=\"lazy\" srcset=\"https:\/\/www.5aldia.es\/es\/wp-content\/uploads\/2018\/03\/materials-quadern-alimentacio-sana.png 379w, https:\/\/www.5aldia.es\/es\/wp-content\/uploads\/2018\/03\/materials-quadern-alimentacio-sana-217x300.png 217w\" sizes=\"(max-width: 379px) 100vw, 379px\" \/>\t\t\t\t\t\t\t\t\t\t\t\t\t\t<\/div>\n\t\t\t\t\t\t<\/div>\n\t\t\t\t<\/div>\n\t\t\t\t<div class=\"elementor-element elementor-element-18d32974 elementor-align-center btn-orange elementor-widget elementor-widget-button\" data-id=\"18d32974\" data-element_type=\"widget\" data-widget_type=\"button.default\">\n\t\t\t\t<div class=\"elementor-widget-container\">\n\t\t\t\t\t<div class=\"elementor-button-wrapper\">\n\t\t\t<a href=\"http:\/\/www.5aldia.es\/wp-content\/uploads\/2017\/09\/Unitat-didactica.pdf\" target=\"_blank\" class=\"elementor-button-link elementor-button elementor-size-sm\" role=\"button\">\n\t\t\t\t\t\t<span class=\"elementor-button-content-wrapper\">\n\t\t\t\t\t\t<span class=\"elementor-button-text\">Descargar<\/span>\n\t\t<\/span>\n\t\t\t\t\t<\/a>\n\t\t<\/div>\n\t\t\t\t<\/div>\n\t\t\t\t<\/div>\n\t\t\t\t\t\t<\/div>\n\t\t\t\t\t<\/div>\n\t\t<\/div>\n\t\t\t\t<div class=\"elementor-column elementor-col-50 elementor-inner-column elementor-element elementor-element-5ed378f\" data-id=\"5ed378f\" data-element_type=\"column\">\n\t\t\t<div class=\"elementor-column-wrap elementor-element-populated\">\n\t\t\t\t\t\t\t<div class=\"elementor-widget-wrap\">\n\t\t\t\t\t\t<div class=\"elementor-element elementor-element-5d19eb02 elementor-widget elementor-widget-image\" data-id=\"5d19eb02\" data-element_type=\"widget\" data-widget_type=\"image.default\">\n\t\t\t\t<div class=\"elementor-widget-container\">\n\t\t\t\t\t\t\t\t<div class=\"elementor-image\">\n\t\t\t\t\t\t\t\t\t\t\t\t\t<a href=\"http:\/\/www.5aldia.es\/httpdocs\/wp-content\/uploads\/2021\/09\/5aldia-cuaderno-familia.pdf\">\n\t\t\t\t\t\t\t<img width=\"379\" height=\"524\" src=\"https:\/\/www.5aldia.es\/es\/wp-content\/uploads\/2018\/03\/materials-quadern-familia.png\" class=\"attachment-large size-large wp-image-3810\" alt=\"\" loading=\"lazy\" srcset=\"https:\/\/www.5aldia.es\/es\/wp-content\/uploads\/2018\/03\/materials-quadern-familia.png 379w, https:\/\/www.5aldia.es\/es\/wp-content\/uploads\/2018\/03\/materials-quadern-familia-217x300.png 217w\" sizes=\"(max-width: 379px) 100vw, 379px\" \/>\t\t\t\t\t\t\t\t<\/a>\n\t\t\t\t\t\t\t\t\t\t\t\t\t\t<\/div>\n\t\t\t\t\t\t<\/div>\n\t\t\t\t<\/div>\n\t\t\t\t<div class=\"elementor-element elementor-element-6ca01972 elementor-align-center btn-orange elementor-widget elementor-widget-button\" data-id=\"6ca01972\" data-element_type=\"widget\" data-widget_type=\"button.default\">\n\t\t\t\t<div class=\"elementor-widget-container\">\n\t\t\t\t\t<div class=\"elementor-button-wrapper\">\n\t\t\t<a href=\"http:\/\/www.5aldia.es\/httpdocs\/wp-content\/uploads\/2021\/09\/5aldia-cuaderno-familia.pdf\" target=\"_blank\" class=\"elementor-button-link elementor-button elementor-size-sm\" role=\"button\">\n\t\t\t\t\t\t<span class=\"elementor-button-content-wrapper\">\n\t\t\t\t\t\t<span class=\"elementor-button-text\">Descargar<\/span>\n\t\t<\/span>\n\t\t\t\t\t<\/a>\n\t\t<\/div>\n\t\t\t\t<\/div>\n\t\t\t\t<\/div>\n\t\t\t\t\t\t<\/div>\n\t\t\t\t\t<\/div>\n\t\t<\/div>\n\t\t\t\t\t\t\t\t<\/div>\n\t\t\t\t\t<\/div>\n\t\t<\/section>\n\t\t\t\t<section class=\"elementor-section elementor-inner-section elementor-element elementor-element-46481490 elementor-section-boxed elementor-section-height-default elementor-section-height-default\" data-id=\"46481490\" data-element_type=\"section\">\n\t\t\t\t\t\t<div class=\"elementor-container elementor-column-gap-default\">\n\t\t\t\t\t\t\t<div class=\"elementor-row\">\n\t\t\t\t\t<div class=\"elementor-column elementor-col-100 elementor-inner-column elementor-element elementor-element-44b6d54d\" data-id=\"44b6d54d\" data-element_type=\"column\">\n\t\t\t<div class=\"elementor-column-wrap elementor-element-populated\">\n\t\t\t\t\t\t\t<div class=\"elementor-widget-wrap\">\n\t\t\t\t\t\t<div class=\"elementor-element elementor-element-1e0c4a9a elementor-widget elementor-widget-image\" data-id=\"1e0c4a9a\" data-element_type=\"widget\" data-widget_type=\"image.default\">\n\t\t\t\t<div class=\"elementor-widget-container\">\n\t\t\t\t\t\t\t\t<div class=\"elementor-image\">\n\t\t\t\t\t\t\t\t\t\t\t\t<img width=\"597\" height=\"454\" src=\"https:\/\/www.5aldia.es\/es\/wp-content\/uploads\/2018\/03\/stickers.png\" class=\"attachment-large size-large wp-image-3802\" alt=\"\" loading=\"lazy\" srcset=\"https:\/\/www.5aldia.es\/es\/wp-content\/uploads\/2018\/03\/stickers.png 597w, https:\/\/www.5aldia.es\/es\/wp-content\/uploads\/2018\/03\/stickers-300x228.png 300w\" sizes=\"(max-width: 597px) 100vw, 597px\" \/>\t\t\t\t\t\t\t\t\t\t\t\t\t\t<\/div>\n\t\t\t\t\t\t<\/div>\n\t\t\t\t<\/div>\n\t\t\t\t<div class=\"elementor-element elementor-element-69c2f793 elementor-align-center btn-orange elementor-widget elementor-widget-button\" data-id=\"69c2f793\" data-element_type=\"widget\" data-widget_type=\"button.default\">\n\t\t\t\t<div class=\"elementor-widget-container\">\n\t\t\t\t\t<div class=\"elementor-button-wrapper\">\n\t\t\t<a href=\"http:\/\/www.5aldia.es\/wp-content\/uploads\/2017\/09\/stikers-5-al-dia.pdf\" target=\"_blank\" class=\"elementor-button-link elementor-button elementor-size-sm\" role=\"button\">\n\t\t\t\t\t\t<span class=\"elementor-button-content-wrapper\">\n\t\t\t\t\t\t<span class=\"elementor-button-text\">Descargar<\/span>\n\t\t<\/span>\n\t\t\t\t\t<\/a>\n\t\t<\/div>\n\t\t\t\t<\/div>\n\t\t\t\t<\/div>\n\t\t\t\t\t\t<\/div>\n\t\t\t\t\t<\/div>\n\t\t<\/div>\n\t\t\t\t\t\t\t\t<\/div>\n\t\t\t\t\t<\/div>\n\t\t<\/section>\n\t\t\t\t\t\t<\/div>\n\t\t\t\t\t<\/div>\n\t\t<\/div>\n\t\t\t\t\t\t\t\t<\/div>\n\t\t\t\t\t<\/div>\n\t\t<\/section>\n\t\t\t\t\t\t\t\t\t<\/div>\n\t\t\t<\/div>\n\t\t\t\t\t<\/div>\n\t\t","protected":false},"excerpt":{"rendered":"<p>EN ESTE APARTADO PUEDES DESCARGAR TODOS LOS MATERIALES DE LA CAMPA\u00d1A \u201c5 AL D\u00cdA\u201d Todos estos materiales han sido supervisados por t\u00e9cnicos de los departamentos de Educaci\u00f3n, de Salud, y de Agricultura, Ganader\u00eda, Pesca, Alimentaci\u00f3n y Medio Natural de la Generalitat de Catalu\u00f1a. Descargar Descargar Descargar<\/p>\n","protected":false},"author":1,"featured_media":0,"parent":3699,"menu_order":15,"comment_status":"closed","ping_status":"closed","template":"","meta":[],"acf":[],"_links":{"self":[{"href":"https:\/\/www.5aldia.es\/es\/wp-json\/wp\/v2\/pages\/3808"}],"collection":[{"href":"https:\/\/www.5aldia.es\/es\/wp-json\/wp\/v2\/pages"}],"about":[{"href":"https:\/\/www.5aldia.es\/es\/wp-json\/wp\/v2\/types\/page"}],"author":[{"embeddable":true,"href":"https:\/\/www.5aldia.es\/es\/wp-json\/wp\/v2\/users\/1"}],"replies":[{"embeddable":true,"href":"https:\/\/www.5aldia.es\/es\/wp-json\/wp\/v2\/comments?post=3808"}],"version-history":[{"count":5,"href":"https:\/\/www.5aldia.es\/es\/wp-json\/wp\/v2\/pages\/3808\/revisions"}],"predecessor-version":[{"id":5157,"href":"https:\/\/www.5aldia.es\/es\/wp-json\/wp\/v2\/pages\/3808\/revisions\/5157"}],"up":[{"embeddable":true,"href":"https:\/\/www.5aldia.es\/es\/wp-json\/wp\/v2\/pages\/3699"}],"wp:attachment":[{"href":"https:\/\/www.5aldia.es\/es\/wp-json\/wp\/v2\/media?parent=3808"}],"curies":[{"name":"wp","href":"https:\/\/api.w.org\/{rel}","templated":true}]}}