{"id":3794,"date":"2018-03-05T17:40:13","date_gmt":"2018-03-05T16:40:13","guid":{"rendered":"https:\/\/www.5aldia.es\/es\/?page_id=3794"},"modified":"2025-11-15T16:48:08","modified_gmt":"2025-11-15T15:48:08","slug":"como-llegar-a-mercabarna","status":"publish","type":"page","link":"https:\/\/www.5aldia.es\/es\/la-campana\/como-llegar-a-mercabarna\/","title":{"rendered":"\u00bfC\u00f3mo llegar a Mercabarna?"},"content":{"rendered":"\t\t<div data-elementor-type=\"wp-page\" data-elementor-id=\"3794\" class=\"elementor elementor-3794 elementor-bc-flex-widget\">\n\t\t\t\t\t\t<div class=\"elementor-inner\">\n\t\t\t\t<div class=\"elementor-section-wrap\">\n\t\t\t\t\t\t\t\t\t<section class=\"elementor-section elementor-top-section elementor-element elementor-element-53ca61c7 elementor-section-boxed elementor-section-height-default elementor-section-height-default\" data-id=\"53ca61c7\" data-element_type=\"section\" data-settings=\"{&quot;background_background&quot;:&quot;classic&quot;}\">\n\t\t\t\t\t\t<div class=\"elementor-container elementor-column-gap-default\">\n\t\t\t\t\t\t\t<div class=\"elementor-row\">\n\t\t\t\t\t<div class=\"elementor-column elementor-col-100 elementor-top-column elementor-element elementor-element-59cb4829\" data-id=\"59cb4829\" data-element_type=\"column\">\n\t\t\t<div class=\"elementor-column-wrap elementor-element-populated\">\n\t\t\t\t\t\t\t<div class=\"elementor-widget-wrap\">\n\t\t\t\t\t\t<div class=\"elementor-element elementor-element-21eaf343 elementor-widget elementor-widget-text-editor\" data-id=\"21eaf343\" data-element_type=\"widget\" data-widget_type=\"text-editor.default\">\n\t\t\t\t<div class=\"elementor-widget-container\">\n\t\t\t\t\t\t\t\t<div class=\"elementor-text-editor elementor-clearfix\">\n\t\t\t\t<p style=\"text-align: center;\">Llegar a Mercabarna es muy f\u00e1cil. Aqu\u00ed hay un plano de situaci\u00f3n para que nadie se pierda.<\/p>\t\t\t\t\t<\/div>\n\t\t\t\t\t\t<\/div>\n\t\t\t\t<\/div>\n\t\t\t\t<div class=\"elementor-element elementor-element-7dde0d78 elementor-widget elementor-widget-html\" data-id=\"7dde0d78\" data-element_type=\"widget\" data-widget_type=\"html.default\">\n\t\t\t\t<div class=\"elementor-widget-container\">\n\t\t\t<div id=\"map\">\n                            <div id=\"popup\" class=\"mapa-popup\" style=\"display:none\">\n                                <div class=\"mapa-popup-header\">\n                                    <!--<div class=\"mapa-popup-header-close \">\n                                        <img src=\"\/media\/css\/img\/maps\/mapa_popup_close.png\">\n                                    <\/div>-->\n                                <\/div>\n\n                                <!--<div class=\"mapa-popup-content\">\n                                    <p  class=\"title\"><\/p>\n                                    <p class=\"address\"><\/p>\n                                    <p><a class=\"phone\" href=\"javascript:;\"><\/a><\/p>\n                                    <p><a class=\"email\" href=\"javascript:;\"><\/a><\/p>\n                                <\/div>-->\n\n                            <\/div>\n                            <!-- \/popup -->\n        \t\t\t\t<\/div>\n        \t\t\t\t<!-- \/map -->\t\t<\/div>\n\t\t\t\t<\/div>\n\t\t\t\t<div class=\"elementor-element elementor-element-608f28d0 elementor-widget elementor-widget-text-editor\" data-id=\"608f28d0\" data-element_type=\"widget\" data-widget_type=\"text-editor.default\">\n\t\t\t\t<div class=\"elementor-widget-container\">\n\t\t\t\t\t\t\t\t<div class=\"elementor-text-editor elementor-clearfix\">\n\t\t\t\t<p style=\"text-align: center;\"><span class=\"font-title-3 orange-color beautiful-heartbeat\">POR CARRETERA<br \/> <\/span><br \/> C\/ Mayor de Mercabarna, 75<br \/> Pabell\u00f3n G, 2.\u00aa planta<br \/> Mercabarna<br \/> 08040 Barcelona<\/p><p style=\"text-align: center;\"><span class=\"font-title-3 orange-color beautiful-heartbeat\">CON TRANSPORTE P\u00daBLICO<br \/> <\/span><br \/> <span class=\"orange-color beautiful-heartbeat font-title-4\">METRO:<\/span><br \/> L\u00ednea 9 sur: la parada de metro Mercabarna se encuentra en la puerta K del recinto. <br \/>El recorrido de la l\u00ednea va de Zona Universit\u00e0ria hasta la Terminal 1 del Aeropuerto.<\/p><p style=\"text-align: center;\"><span class=\"font-title-3 orange-color beautiful-heartbeat\">EN AUTOB\u00daS<br \/> <\/span><br \/> <span class=\"font-title-4 orange-color beautiful-heartbeat\">DESDE BARCELONA:<\/span><br \/> L\u00ednea 109: desde la estaci\u00f3n de Sants o plaza Espa\u00f1a.<br \/> L\u00ednea 21: desde la avenida del Paral\u00b7lel.<\/p><p style=\"text-align: center;\"><span class=\"font-title-4 orange-color beautiful-heartbeat\">DESDE L&#8217;HOSPITALET:<\/span><br \/> L\u00ednea 110: desde la avenida del Carrilet.<\/p><p style=\"text-align: center;\"><span class=\"font-title-4 orange-color beautiful-heartbeat\">DESDE EL PRAT:<\/span><br \/> L\u00ednea PR4: desde la estaci\u00f3n de RENFE.<br \/> L\u00ednea 21: desde la avenida del Remolar.<\/p>\t\t\t\t\t<\/div>\n\t\t\t\t\t\t<\/div>\n\t\t\t\t<\/div>\n\t\t\t\t\t\t<\/div>\n\t\t\t\t\t<\/div>\n\t\t<\/div>\n\t\t\t\t\t\t\t\t<\/div>\n\t\t\t\t\t<\/div>\n\t\t<\/section>\n\t\t\t\t\t\t\t\t\t<\/div>\n\t\t\t<\/div>\n\t\t\t\t\t<\/div>\n\t\t","protected":false},"excerpt":{"rendered":"<p>Llegar a Mercabarna es muy f\u00e1cil. Aqu\u00ed hay un plano de situaci\u00f3n para que nadie se pierda. &lt;!&#8211; &#8211;&gt; &lt;!&#8211; &nbsp; &nbsp; &#8211;&gt; POR CARRETERA C\/ Mayor de Mercabarna, 75 Pabell\u00f3n G, 2.\u00aa planta Mercabarna 08040 Barcelona CON TRANSPORTE P\u00daBLICO METRO: L\u00ednea 9 sur: la parada de metro Mercabarna se encuentra en la puerta K &hellip; <a href=\"https:\/\/www.5aldia.es\/es\/la-campana\/como-llegar-a-mercabarna\/\">Continuar<\/a><\/p>\n","protected":false},"author":1,"featured_media":0,"parent":3699,"menu_order":13,"comment_status":"closed","ping_status":"closed","template":"","meta":[],"acf":[],"_links":{"self":[{"href":"https:\/\/www.5aldia.es\/es\/wp-json\/wp\/v2\/pages\/3794"}],"collection":[{"href":"https:\/\/www.5aldia.es\/es\/wp-json\/wp\/v2\/pages"}],"about":[{"href":"https:\/\/www.5aldia.es\/es\/wp-json\/wp\/v2\/types\/page"}],"author":[{"embeddable":true,"href":"https:\/\/www.5aldia.es\/es\/wp-json\/wp\/v2\/users\/1"}],"replies":[{"embeddable":true,"href":"https:\/\/www.5aldia.es\/es\/wp-json\/wp\/v2\/comments?post=3794"}],"version-history":[{"count":6,"href":"https:\/\/www.5aldia.es\/es\/wp-json\/wp\/v2\/pages\/3794\/revisions"}],"predecessor-version":[{"id":5400,"href":"https:\/\/www.5aldia.es\/es\/wp-json\/wp\/v2\/pages\/3794\/revisions\/5400"}],"up":[{"embeddable":true,"href":"https:\/\/www.5aldia.es\/es\/wp-json\/wp\/v2\/pages\/3699"}],"wp:attachment":[{"href":"https:\/\/www.5aldia.es\/es\/wp-json\/wp\/v2\/media?parent=3794"}],"curies":[{"name":"wp","href":"https:\/\/api.w.org\/{rel}","templated":true}]}}